{"id":99,"date":"2013-05-19T10:42:49","date_gmt":"2013-05-19T16:42:49","guid":{"rendered":"http:\/\/69.194.234.3\/~sfect\/?post_type=product&#038;p=99"},"modified":"2026-01-24T11:34:00","modified_gmt":"2026-01-24T17:34:00","slug":"blue","status":"publish","type":"product","link":"https:\/\/solucionesefectivasgt.com\/?product=blue","title":{"rendered":"SAFEGREEN, Desengrasante biodegradable."},"content":{"rendered":"<p>&nbsp;<\/p>\n<p>Excelencia en desengrase: elimina f\u00e1cilmente grasas minerales y vegetales, aceites, bunker, silicona, holl\u00edn, tizne, tierra, polvo y toda contaminaci\u00f3n mezclada e impregnada en superficies porosas y lisas, entre otros. Es completamente biodegradable y seguro para el usuario, no irrita la piel y evita accidentes por qu\u00edmicos fuertes. No da\u00f1a pl\u00e1sticos sensibles ni metales suaves, y contiene una mezcla sin\u00e9rgica de anticorrosivos biodegradables.<\/p>\n<p>SAFEGREEN es concentrado, lo que proporciona soluciones econ\u00f3micas y efectivas. Es virtualmente sin olor y no emana vapores ni olores fuertes. Uso multiprop\u00f3sito.<\/p>\n<p>&nbsp;<\/p>\n<p>&nbsp;<\/p>\n","protected":false},"excerpt":{"rendered":"<p><strong>Caracter\u00c3\u00adsticas y Ventajas:<\/strong><\/p>\n<ul>\n<li>Biodegradable<\/li>\n<li>Alto poder de limpieza y desengrase<\/li>\n<\/ul>\n","protected":false},"featured_media":954,"comment_status":"closed","ping_status":"closed","template":"","meta":[],"product_cat":[27],"product_tag":[53,62,61],"class_list":{"0":"post-99","1":"product","2":"type-product","3":"status-publish","4":"has-post-thumbnail","6":"product_cat-desengrasantes","7":"product_tag-centros-de-eventos","8":"product_tag-hoteles","9":"product_tag-restaurantes","11":"first","12":"instock","13":"shipping-taxable","14":"purchasable","15":"product-type-simple"},"_links":{"self":[{"href":"https:\/\/solucionesefectivasgt.com\/index.php?rest_route=\/wp\/v2\/product\/99","targetHints":{"allow":["GET"]}}],"collection":[{"href":"https:\/\/solucionesefectivasgt.com\/index.php?rest_route=\/wp\/v2\/product"}],"about":[{"href":"https:\/\/solucionesefectivasgt.com\/index.php?rest_route=\/wp\/v2\/types\/product"}],"replies":[{"embeddable":true,"href":"https:\/\/solucionesefectivasgt.com\/index.php?rest_route=%2Fwp%2Fv2%2Fcomments&post=99"}],"wp:featuredmedia":[{"embeddable":true,"href":"https:\/\/solucionesefectivasgt.com\/index.php?rest_route=\/wp\/v2\/media\/954"}],"wp:attachment":[{"href":"https:\/\/solucionesefectivasgt.com\/index.php?rest_route=%2Fwp%2Fv2%2Fmedia&parent=99"}],"wp:term":[{"taxonomy":"product_cat","embeddable":true,"href":"https:\/\/solucionesefectivasgt.com\/index.php?rest_route=%2Fwp%2Fv2%2Fproduct_cat&post=99"},{"taxonomy":"product_tag","embeddable":true,"href":"https:\/\/solucionesefectivasgt.com\/index.php?rest_route=%2Fwp%2Fv2%2Fproduct_tag&post=99"}],"curies":[{"name":"wp","href":"https:\/\/api.w.org\/{rel}","templated":true}]}}