{"id":753,"date":"2014-08-17T21:24:47","date_gmt":"2014-08-18T03:24:47","guid":{"rendered":"http:\/\/solucionesefectivasgt.com\/?post_type=product&#038;p=753"},"modified":"2025-07-22T08:11:05","modified_gmt":"2025-07-22T14:11:05","slug":"04220-toalla-interfoliada-artisan-2","status":"publish","type":"product","link":"https:\/\/solucionesefectivasgt.com\/?product=04220-toalla-interfoliada-artisan-2","title":{"rendered":"TORK, TOALLA INTERFOLIADA ADVANCED"},"content":{"rendered":"<p>Las toallas interdobladas calidad Advanced ofrecen una calidad superior a las universales. Su hoja doble permite usar menos toallas para secar las manos, minimizando costos, tiempo y esfuerzo de mantenimiento, as\u00ed como contribuyendo al medio ambiente. Ideal para ba\u00f1os de mediano o bajo tr\u00e1fico.<\/p>\n<p><strong>Caracteri\u00adsticas y Beneficios:<\/strong><\/p>\n<div class=\"product-benefits\">\n<ul>\n<li>Gran absorci\u00f3n que permite controlar el uso<\/li>\n<\/ul>\n<\/div>\n<div class=\"product-benefits\">\n<ul>\n<li>\u00a0Reduce los residuos<\/li>\n<li>\u00a0Reduce el tiempo de mantenimiento<\/li>\n<\/ul>\n<\/div>\n<div class=\"product-benefits\">\n<ul>\n<li>Caja 12 pack x 250 Hoja Doble<\/li>\n<li>Medida: 21 x 24 centimetros<\/li>\n<\/ul>\n<\/div>\n","protected":false},"excerpt":{"rendered":"<p>Toalla Interfoliada Advanced<\/p>\n<p>Absorventes y Resistentes<\/p>\n<p>12 x 250 (3000 toallas)<\/p>\n<p><strong>PRECIO EFECTIVO O TRANFERENCIA INMEDIATA<\/strong><\/p>\n","protected":false},"featured_media":1183,"comment_status":"closed","ping_status":"closed","template":"","meta":[],"product_cat":[83,33,15],"product_tag":[53,64,52,62,63],"class_list":{"0":"post-753","1":"product","2":"type-product","3":"status-publish","4":"has-post-thumbnail","6":"product_cat-tork","7":"product_cat-hotel-amenities","8":"product_cat-toallas","9":"product_tag-centros-de-eventos","10":"product_tag-clinicas","11":"product_tag-educacion-2","12":"product_tag-hoteles","13":"product_tag-oficinas","15":"first","16":"instock","17":"shipping-taxable","18":"purchasable","19":"product-type-simple"},"_links":{"self":[{"href":"https:\/\/solucionesefectivasgt.com\/index.php?rest_route=\/wp\/v2\/product\/753","targetHints":{"allow":["GET"]}}],"collection":[{"href":"https:\/\/solucionesefectivasgt.com\/index.php?rest_route=\/wp\/v2\/product"}],"about":[{"href":"https:\/\/solucionesefectivasgt.com\/index.php?rest_route=\/wp\/v2\/types\/product"}],"replies":[{"embeddable":true,"href":"https:\/\/solucionesefectivasgt.com\/index.php?rest_route=%2Fwp%2Fv2%2Fcomments&post=753"}],"wp:featuredmedia":[{"embeddable":true,"href":"https:\/\/solucionesefectivasgt.com\/index.php?rest_route=\/wp\/v2\/media\/1183"}],"wp:attachment":[{"href":"https:\/\/solucionesefectivasgt.com\/index.php?rest_route=%2Fwp%2Fv2%2Fmedia&parent=753"}],"wp:term":[{"taxonomy":"product_cat","embeddable":true,"href":"https:\/\/solucionesefectivasgt.com\/index.php?rest_route=%2Fwp%2Fv2%2Fproduct_cat&post=753"},{"taxonomy":"product_tag","embeddable":true,"href":"https:\/\/solucionesefectivasgt.com\/index.php?rest_route=%2Fwp%2Fv2%2Fproduct_tag&post=753"}],"curies":[{"name":"wp","href":"https:\/\/api.w.org\/{rel}","templated":true}]}}