{"id":3151,"date":"2026-04-26T11:31:22","date_gmt":"2026-04-26T17:31:22","guid":{"rendered":"https:\/\/solucionesefectivasgt.com\/?post_type=product&#038;p=3151"},"modified":"2026-04-26T11:31:23","modified_gmt":"2026-04-26T17:31:23","slug":"kit-de-coneccion-para-productos-simplifill","status":"publish","type":"product","link":"https:\/\/solucionesefectivasgt.com\/?product=kit-de-coneccion-para-productos-simplifill","title":{"rendered":"KIT DE CONECCION PARA PRODUCTOS SIMPLIFILL"},"content":{"rendered":"<div id=\"tw-container\" class=\"nev7se\" data-cp=\"1\" data-nnttsvi=\"1\" data-sletp=\"false\" data-sm=\"1\" data-ssbp=\"true\" data-sugg-time=\"500\" data-sugg-url=\"https:\/\/clients1.google.com\/complete\/search\" data-uilc=\"es-419\" data-vil=\",af,af-ZA,am,am-ET,ar-EG,ar-AE,ar-KW,ar-QA,ar,ar-IL,ar-JO,ar-LB,ar-PS,az,az-AZ,bg,bg-BG,bn,bn-BD,bn-IN,ca,ca-es,cs,cs-CZ,de,de-DE,de-CH,de-AT,de-LI,en,en-US,en-CA,en-AU,en-NZ,en-GB,en-IN,en-KE,en-TZ,en-NG,en-GH,en-PH,en-ZA,es,es-ES,es-AR,es-UY,es-419,es-BO,es-CL,es-CR,es-CO,es-DO,es-EC,es-GT,es-HN,es-NI,es-PA,es-PE,es-PR,es-PY,es-SV,es-VE,es-MX,es-US,eu,eu-ES,fi,fi-FI,fr,fr-FR,fr-CH,fr-BE,gl,gl-ES,gu,gu-IN,he,he-IL,iw,iw-IL,hu,hu-HU,hy,hy-AM,id,id-ID,is,is-IS,it,it-IT,it-CH,ja,ja-JP,jv,jv-ID,ka,ka-GE,km,km-KH,kn,kn-IN,ko,ko-KR,la,lo,lo-LA,lv,lv-LV,ml,ml-IN,mr,mr-IN,ms,ms-MY,nl,nl-NL,nb,nb-NO,ne,ne-NP,pl,pl-PL,pt,pt-BR,pt-PT,ro,ro-RO,ru,ru-RU,si-LK,sk,sk-SK,sr,sr-RS,su,su-ID,sv,sv-SE,sw,sw-TZ,sw-KE,ta,ta-IN,ta-SG,ta-LK,ta-MY,te,te-IN,tr,tr-TR,ur,ur-PK,ur-IN,yue,yue-HK,yue-Hant-HK,zh-HK,zh,zh-CN,zh-cmn,zh-cmn-CN,zh-Hans,zh-Hans-CN,zh-cmn-Hans,zh-cmn-Hans-CN,cmn-CN,cmn-Hans,cmn-Hans-CN,zh-TW,zh-Hant-TW,cmn-TW,cmn-Hant-TW,zh-cmn-TW,zh-cmn-Hant-TW,zu,zu-ZA,hi,hi-IN,tl,tl-PH,pa,pa-IN\">\n<div id=\"tw-ob\" class=\"tw-src-ltr\">\n<div class=\"oSioSc\">\n<div id=\"tw-target\">\n<div id=\"kAz1tf\" class=\"g9WsWb PZPZlf\" data-attrid=\"tw-targetArea\" data-entityname=\"Google Translate\">\n<div id=\"tw-target-text-container\" class=\"tw-ta-container tw-nfl\" tabindex=\"0\" role=\"text\">\n<h4 id=\"tw-target-text\" class=\"tw-data-text tw-text-large tw-ta\" dir=\"ltr\" tabindex=\"-1\" role=\"text\" data-placeholder=\"Traducci\u00f3n\" data-ved=\"2ahUKEwjIpO7Wg4yUAxWd1vACHSJgPREQ3ewLegQIDBAV\" aria-label=\"Texto traducido: Kit de conexi\u00f3n r\u00e1pida Spartan Simplifill Compatible con Simplifill\u00ae: Funciona con el sistema Simplifill de Spartan para garantizar una diluci\u00f3n precisa y sin complicaciones en todo momento. Simplemente conecte la manguera a la fuente de agua, dispense en una botella o balde, \u00a1y a limpiar! Compatibilidad con conexi\u00f3n r\u00e1pida: Se conecta f\u00e1cilmente a una fuente de agua est\u00e1ndar mediante el sistema de conexi\u00f3n r\u00e1pida Simplifill para una instalaci\u00f3n r\u00e1pida. Doble uso: Dise\u00f1ado para usar con botellas pulverizadoras, baldes de fregado o dep\u00f3sitos de fregadoras autom\u00e1ticas, ideal para diversas aplicaciones de limpieza. Construcci\u00f3n duradera y de bajo mantenimiento: Fabricado para soportar el uso comercial diario con un mantenimiento m\u00ednimo. Gesti\u00f3n rentable de productos qu\u00edmicos: Ayuda a controlar el uso y los costos del producto al evitar la sobrediluci\u00f3n o el desperdicio. N.\u00b0 de fabricante: 099191\"><span class=\"Y2IQFc\" lang=\"es\">Kit de conexi\u00f3n r\u00e1pida Simplifill Compatible con Simplifill\u00ae: Funciona con el sistema Simplifill de Spartan para garantizar una diluci\u00f3n precisa y sin complicaciones en todo momento. Simplemente conecte la manguera a la fuente de agua, dispense en una botella o balde, \u00a1y a limpiar! Compatibilidad con conexi\u00f3n r\u00e1pida: Se conecta f\u00e1cilmente a una fuente de agua est\u00e1ndar mediante el sistema de conexi\u00f3n r\u00e1pida Simplifill para una instalaci\u00f3n r\u00e1pida.<\/span><\/h4>\n<h4 class=\"tw-data-text tw-text-large tw-ta\" dir=\"ltr\" tabindex=\"-1\" role=\"text\" data-placeholder=\"Traducci\u00f3n\" data-ved=\"2ahUKEwjIpO7Wg4yUAxWd1vACHSJgPREQ3ewLegQIDBAV\" aria-label=\"Texto traducido: Kit de conexi\u00f3n r\u00e1pida Spartan Simplifill Compatible con Simplifill\u00ae: Funciona con el sistema Simplifill de Spartan para garantizar una diluci\u00f3n precisa y sin complicaciones en todo momento. Simplemente conecte la manguera a la fuente de agua, dispense en una botella o balde, \u00a1y a limpiar! Compatibilidad con conexi\u00f3n r\u00e1pida: Se conecta f\u00e1cilmente a una fuente de agua est\u00e1ndar mediante el sistema de conexi\u00f3n r\u00e1pida Simplifill para una instalaci\u00f3n r\u00e1pida. Doble uso: Dise\u00f1ado para usar con botellas pulverizadoras, baldes de fregado o dep\u00f3sitos de fregadoras autom\u00e1ticas, ideal para diversas aplicaciones de limpieza. Construcci\u00f3n duradera y de bajo mantenimiento: Fabricado para soportar el uso comercial diario con un mantenimiento m\u00ednimo. Gesti\u00f3n rentable de productos qu\u00edmicos: Ayuda a controlar el uso y los costos del producto al evitar la sobrediluci\u00f3n o el desperdicio. N.\u00b0 de fabricante: 099191\"><span class=\"Y2IQFc\" lang=\"es\">Doble uso: Dise\u00f1ado para usar con botellas pulverizadoras, baldes de fregado o dep\u00f3sitos de fregadoras autom\u00e1ticas, ideal para diversas aplicaciones de limpieza. Construcci\u00f3n duradera y de bajo mantenimiento: Fabricado para soportar el uso comercial diario con un mantenimiento m\u00ednimo. Gesti\u00f3n rentable de productos qu\u00edmicos: Ayuda a controlar el uso y los costos del producto al evitar la sobrediluci\u00f3n o el desperdicio.<br \/>\n<\/span><\/h4>\n<\/div>\n<div id=\"tw-target-rmn-container\" class=\"tw-target-rmn tw-ta-container tw-nfl\" tabindex=\"-1\" role=\"text\">\n<pre id=\"tw-target-rmn\" class=\"tw-data-placeholder tw-text-small tw-ta\" dir=\"ltr\" tabindex=\"-1\" role=\"text\" data-placeholder=\"\"><\/pre>\n<\/div>\n<div class=\"iYB33c\">\n<div id=\"tw-tmenu\" class=\"tw-menu\"><\/div>\n<\/div>\n<\/div>\n<\/div>\n<\/div>\n<\/div>\n<div id=\"tw-images\"><\/div>\n<div class=\"dURPtb\"><\/div>\n<div>\n<div data-vpload=\"nYCnEd\" data-v=\"\" data-ne=\"1\">\n<div id=\"tsuid_nknuacjdMZ2tw8cPosD1iQE_57\"><\/div>\n<\/div>\n<\/div>\n<\/div>\n<div class=\"KFFQ0c xKf9F\"><\/div>\n","protected":false},"excerpt":{"rendered":"<p>KIT DE CONECCION SIMPLIFILL, PARA PRODUCTOS CONCENTRADOS<\/p>\n","protected":false},"featured_media":3138,"comment_status":"closed","ping_status":"closed","template":"","meta":[],"product_cat":[86,65,31],"product_tag":[55,64,52,62,63,61,77],"class_list":{"0":"post-3151","1":"product","2":"type-product","3":"status-publish","4":"has-post-thumbnail","6":"product_cat-diversey","7":"product_cat-clean-on-the-go","8":"product_cat-multipropositos","9":"product_tag-centros-de-salud-2","10":"product_tag-clinicas","11":"product_tag-educacion-2","12":"product_tag-hoteles","13":"product_tag-oficinas","14":"product_tag-restaurantes","15":"product_tag-spas","17":"first","18":"instock","19":"shipping-taxable","20":"purchasable","21":"product-type-simple"},"_links":{"self":[{"href":"https:\/\/solucionesefectivasgt.com\/index.php?rest_route=\/wp\/v2\/product\/3151","targetHints":{"allow":["GET"]}}],"collection":[{"href":"https:\/\/solucionesefectivasgt.com\/index.php?rest_route=\/wp\/v2\/product"}],"about":[{"href":"https:\/\/solucionesefectivasgt.com\/index.php?rest_route=\/wp\/v2\/types\/product"}],"replies":[{"embeddable":true,"href":"https:\/\/solucionesefectivasgt.com\/index.php?rest_route=%2Fwp%2Fv2%2Fcomments&post=3151"}],"wp:featuredmedia":[{"embeddable":true,"href":"https:\/\/solucionesefectivasgt.com\/index.php?rest_route=\/wp\/v2\/media\/3138"}],"wp:attachment":[{"href":"https:\/\/solucionesefectivasgt.com\/index.php?rest_route=%2Fwp%2Fv2%2Fmedia&parent=3151"}],"wp:term":[{"taxonomy":"product_cat","embeddable":true,"href":"https:\/\/solucionesefectivasgt.com\/index.php?rest_route=%2Fwp%2Fv2%2Fproduct_cat&post=3151"},{"taxonomy":"product_tag","embeddable":true,"href":"https:\/\/solucionesefectivasgt.com\/index.php?rest_route=%2Fwp%2Fv2%2Fproduct_tag&post=3151"}],"curies":[{"name":"wp","href":"https:\/\/api.w.org\/{rel}","templated":true}]}}