{"id":3142,"date":"2026-04-25T12:25:08","date_gmt":"2026-04-25T18:25:08","guid":{"rendered":"https:\/\/solucionesefectivasgt.com\/?post_type=product&#038;p=3142"},"modified":"2026-04-25T12:30:55","modified_gmt":"2026-04-25T18:30:55","slug":"spartan-simplifill-clean-by-peroxy-limpiador-multiusos-concentrado-2lts","status":"publish","type":"product","link":"https:\/\/solucionesefectivasgt.com\/?product=spartan-simplifill-clean-by-peroxy-limpiador-multiusos-concentrado-2lts","title":{"rendered":"SPARTAN SIMPLIFILL, CLEAN BY PEROXY LIMPIADOR MULTIUSOS CONCENTRADO 2lts"},"content":{"rendered":"<p>Clean by Peroxy es un limpiador multiusos con certificaci\u00f3n Green Seal&#x2122; formulado con el poder limpiador del <strong>per\u00f3xido de hidrogeno<\/strong>. \u00a1Un solo producto lo limpia todo! Limpia ventanas, espejos, pisos, paredes, alfombras, ba\u00f1os, cocinas, azulejos y juntas sin dejar marcas. Con Clean by Peroxy, puedes reducir la cantidad de productos en tu programa de limpieza, simplificando la capacitaci\u00f3n y la gesti\u00f3n de inventario. Dise\u00f1ado para ser un concentrado econ\u00f3mico, cada caja de Simplifill rinde 270 cuartos.<\/p>\n<p>&nbsp;<\/p>\n<div><strong>Caracter\u00edsticas y beneficios:<\/strong><\/div>\n<ul>\n<li>Sin rayas ni residuos<\/li>\n<li>Elimina manchas y olores de orina<\/li>\n<li>Simplifill garantiza la diluci\u00f3n adecuada para cada botella, cubo o tanque<\/li>\n<li>Dosificaci\u00f3n segura y sencilla: solo CONECTAR \u2013 DISPENSAR \u2013 LIMPIAR<\/li>\n<li>El poder limpiador del per\u00f3xido<\/li>\n<li>Certificado Woolsafe: seguro para usar en alfombras<\/li>\n<li>Limpia y deja una fragancia fresca y duradera<\/li>\n<li><strong>Certificado Green Seal<\/strong><\/li>\n<\/ul>\n<p><strong>Costo de galon diluido Q 17.79<\/strong><\/p>\n<p><strong>Costo de litro diluido Q 4.72<\/strong><\/p>\n<p><a href=\"https:\/\/solucionesefectivasgt.com\/wp-content\/uploads\/2026\/04\/clean-by-peroxy-hoja-tenica.pdf\"><em><strong>HOJA TECNICA:<\/strong><\/em><\/a><\/p>\n<p><a href=\"https:\/\/solucionesefectivasgt.com\/wp-content\/uploads\/2026\/04\/Clean-by-peroxy-Certificacion-Green-Seal.pdf\"><em><strong>CERTIFICACION GREEN SEAL<\/strong><\/em><\/a><\/p>\n","protected":false},"excerpt":{"rendered":"<p>Limpiador Multiusos 2lts concentrado<\/p>\n<p>Rendimiento: 34 galones o 128 litros<\/p>\n","protected":false},"featured_media":3122,"comment_status":"closed","ping_status":"closed","template":"","meta":[],"product_cat":[65,29,31],"product_tag":[],"class_list":{"0":"post-3142","1":"product","2":"type-product","3":"status-publish","4":"has-post-thumbnail","6":"product_cat-clean-on-the-go","7":"product_cat-desinfectantes","8":"product_cat-multipropositos","10":"first","11":"instock","12":"shipping-taxable","13":"purchasable","14":"product-type-simple"},"_links":{"self":[{"href":"https:\/\/solucionesefectivasgt.com\/index.php?rest_route=\/wp\/v2\/product\/3142","targetHints":{"allow":["GET"]}}],"collection":[{"href":"https:\/\/solucionesefectivasgt.com\/index.php?rest_route=\/wp\/v2\/product"}],"about":[{"href":"https:\/\/solucionesefectivasgt.com\/index.php?rest_route=\/wp\/v2\/types\/product"}],"replies":[{"embeddable":true,"href":"https:\/\/solucionesefectivasgt.com\/index.php?rest_route=%2Fwp%2Fv2%2Fcomments&post=3142"}],"wp:featuredmedia":[{"embeddable":true,"href":"https:\/\/solucionesefectivasgt.com\/index.php?rest_route=\/wp\/v2\/media\/3122"}],"wp:attachment":[{"href":"https:\/\/solucionesefectivasgt.com\/index.php?rest_route=%2Fwp%2Fv2%2Fmedia&parent=3142"}],"wp:term":[{"taxonomy":"product_cat","embeddable":true,"href":"https:\/\/solucionesefectivasgt.com\/index.php?rest_route=%2Fwp%2Fv2%2Fproduct_cat&post=3142"},{"taxonomy":"product_tag","embeddable":true,"href":"https:\/\/solucionesefectivasgt.com\/index.php?rest_route=%2Fwp%2Fv2%2Fproduct_tag&post=3142"}],"curies":[{"name":"wp","href":"https:\/\/api.w.org\/{rel}","templated":true}]}}