{"id":3140,"date":"2026-04-25T11:04:45","date_gmt":"2026-04-25T17:04:45","guid":{"rendered":"https:\/\/solucionesefectivasgt.com\/?post_type=product&#038;p=3140"},"modified":"2026-04-25T11:04:45","modified_gmt":"2026-04-25T17:04:45","slug":"spartan-clip-ambiental-para-sanitarios","status":"publish","type":"product","link":"https:\/\/solucionesefectivasgt.com\/?product=spartan-clip-ambiental-para-sanitarios","title":{"rendered":"SPARTAN, CLIP AMBIENTAL PARA SANITARIOS"},"content":{"rendered":"<p>Toma el control de tu entorno con los clips para inodoro Airlift Ultra-Fragrant. Su dise\u00f1o patentado, impregnado de fragancia, mantiene los ba\u00f1os con un aroma fresco hasta por mas de 30 d\u00edas. Gracias a su dise\u00f1o discreto, los clips para inodoro Airlift Ultra-Fragrant eliminan el mal olor de ra\u00edz, mejorando la percepci\u00f3n de higiene en el ba\u00f1o. Para obtener mejores resultados, \u00fasalos con productos de la misma linea NABC desinfectantes Spartan.<\/p>\n<p>&nbsp;<\/p>\n<p>&nbsp;<\/p>\n<p><a href=\"https:\/\/solucionesefectivasgt.com\/wp-content\/uploads\/2026\/04\/NABC-clip-aromatizante-hoja-de-seguridad.pdf\"><em><strong>HOJA TECNICA:<\/strong><\/em><\/a><\/p>\n","protected":false},"excerpt":{"rendered":"<p>Clip ambiental para sanitario.<\/p>\n<p>Aroma hasta por 40 dias.<\/p>\n","protected":false},"featured_media":3124,"comment_status":"closed","ping_status":"closed","template":"","meta":[],"product_cat":[65,26],"product_tag":[53,55,64,52,62,63,61,77],"class_list":{"0":"post-3140","1":"product","2":"type-product","3":"status-publish","4":"has-post-thumbnail","6":"product_cat-clean-on-the-go","7":"product_cat-ambientales","8":"product_tag-centros-de-eventos","9":"product_tag-centros-de-salud-2","10":"product_tag-clinicas","11":"product_tag-educacion-2","12":"product_tag-hoteles","13":"product_tag-oficinas","14":"product_tag-restaurantes","15":"product_tag-spas","17":"first","18":"instock","19":"shipping-taxable","20":"purchasable","21":"product-type-simple"},"_links":{"self":[{"href":"https:\/\/solucionesefectivasgt.com\/index.php?rest_route=\/wp\/v2\/product\/3140","targetHints":{"allow":["GET"]}}],"collection":[{"href":"https:\/\/solucionesefectivasgt.com\/index.php?rest_route=\/wp\/v2\/product"}],"about":[{"href":"https:\/\/solucionesefectivasgt.com\/index.php?rest_route=\/wp\/v2\/types\/product"}],"replies":[{"embeddable":true,"href":"https:\/\/solucionesefectivasgt.com\/index.php?rest_route=%2Fwp%2Fv2%2Fcomments&post=3140"}],"wp:featuredmedia":[{"embeddable":true,"href":"https:\/\/solucionesefectivasgt.com\/index.php?rest_route=\/wp\/v2\/media\/3124"}],"wp:attachment":[{"href":"https:\/\/solucionesefectivasgt.com\/index.php?rest_route=%2Fwp%2Fv2%2Fmedia&parent=3140"}],"wp:term":[{"taxonomy":"product_cat","embeddable":true,"href":"https:\/\/solucionesefectivasgt.com\/index.php?rest_route=%2Fwp%2Fv2%2Fproduct_cat&post=3140"},{"taxonomy":"product_tag","embeddable":true,"href":"https:\/\/solucionesefectivasgt.com\/index.php?rest_route=%2Fwp%2Fv2%2Fproduct_tag&post=3140"}],"curies":[{"name":"wp","href":"https:\/\/api.w.org\/{rel}","templated":true}]}}