{"id":3135,"date":"2026-04-25T10:34:55","date_gmt":"2026-04-25T16:34:55","guid":{"rendered":"https:\/\/solucionesefectivasgt.com\/?post_type=product&#038;p=3135"},"modified":"2026-04-25T10:34:55","modified_gmt":"2026-04-25T16:34:55","slug":"spartan-simplifill-nabc-desinfectante-para-banos-2lts","status":"publish","type":"product","link":"https:\/\/solucionesefectivasgt.com\/?product=spartan-simplifill-nabc-desinfectante-para-banos-2lts","title":{"rendered":"SPARTAN SIMPLIFILL, NABC DESINFECTANTE PARA BA\u00d1OS 2lts"},"content":{"rendered":"<p>NABC\u00a0 un limpiador \u2013 desinfectante concentrado, dise\u00f1ado espec\u00edficamente para la limpieza y desinfecci\u00f3n de inodoros , lavamanos, urinales, pisos y otras superficies de los ba\u00f1os.<\/p>\n<p>NABC es un producto NO ACIDO, NO ALCALINO, NO CAUSTICO, NO ABRASIVO. No da\u00f1a las tuber\u00edas o tanques s\u00e9pticos.<\/p>\n<p>NABC es un excelente limpiador \u2013 desinfectante para trapear los pisos de los ba\u00f1os, tambi\u00e9n puede utilizarlo en accesorios de CROMO.<\/p>\n<div>Caracter\u00edsticas y Beneficios:<\/div>\n<ul>\n<li>Concentrado limpiador desinfectante sin \u00e1cido, especialmente dise\u00f1ado para limpiar y desinfectar inodoros y superficies de ba\u00f1os.<\/li>\n<li>Eficaz contra bacterias resistentes a los antibi\u00f3ticos** Elimina el 99.9% de las bacterias*** en 30 segundos<\/li>\n<li><strong>Desinfecta en 30 segundos<\/strong><\/li>\n<li>El concentrado NABC\u00ae proporciona 700 ppm de germicida cuaternario en la diluci\u00f3n de uso.<\/li>\n<li>Elimina Staphylococcus aureus y Salmonella enterica.<\/li>\n<li>Elimina el virus de la hepatitis C (VHC), el virus de la hepatitis B (VHB), el VIH-1 (virus del SIDA), el virus del herpes simple tipo 2, la influenza A2 y el SARS-CoV-2 en superficies duras, no porosas e inanimadas.<\/li>\n<li>Bactericida\/Virucida*<\/li>\n<\/ul>\n<p><strong>DILUCION:\u00a0 2oz por galon.<\/strong><\/p>\n<p><strong>RENDIMIENTO: 34 GALONES O 128 LITROS<\/strong><\/p>\n<p><strong>COSTO GALON LISTO PARA USAR:\u00a0 Q 17.35<\/strong><\/p>\n<p><strong>COSTO LITRO LISTO PARA USAR:\u00a0 \u00a0 Q\u00a0 4.61<\/strong><\/p>\n<p>&nbsp;<\/p>\n<p><a href=\"https:\/\/solucionesefectivasgt.com\/wp-content\/uploads\/2026\/04\/NABC-hoja-de-seguridad.pdf\"><em><strong>HOJA TECNICA:<\/strong><\/em><\/a><\/p>\n","protected":false},"excerpt":{"rendered":"<p>Limpiador Desinfectante concentrado. 2lts.<\/p>\n<p>Rinde 34 galones o 128 litros.<\/p>\n","protected":false},"featured_media":3125,"comment_status":"closed","ping_status":"closed","template":"","meta":[],"product_cat":[65,29,19],"product_tag":[53,55,64,52,62,63,61,77],"class_list":{"0":"post-3135","1":"product","2":"type-product","3":"status-publish","4":"has-post-thumbnail","6":"product_cat-clean-on-the-go","7":"product_cat-desinfectantes","8":"product_cat-sanitizantes","9":"product_tag-centros-de-eventos","10":"product_tag-centros-de-salud-2","11":"product_tag-clinicas","12":"product_tag-educacion-2","13":"product_tag-hoteles","14":"product_tag-oficinas","15":"product_tag-restaurantes","16":"product_tag-spas","18":"first","19":"instock","20":"shipping-taxable","21":"purchasable","22":"product-type-simple"},"_links":{"self":[{"href":"https:\/\/solucionesefectivasgt.com\/index.php?rest_route=\/wp\/v2\/product\/3135","targetHints":{"allow":["GET"]}}],"collection":[{"href":"https:\/\/solucionesefectivasgt.com\/index.php?rest_route=\/wp\/v2\/product"}],"about":[{"href":"https:\/\/solucionesefectivasgt.com\/index.php?rest_route=\/wp\/v2\/types\/product"}],"replies":[{"embeddable":true,"href":"https:\/\/solucionesefectivasgt.com\/index.php?rest_route=%2Fwp%2Fv2%2Fcomments&post=3135"}],"wp:featuredmedia":[{"embeddable":true,"href":"https:\/\/solucionesefectivasgt.com\/index.php?rest_route=\/wp\/v2\/media\/3125"}],"wp:attachment":[{"href":"https:\/\/solucionesefectivasgt.com\/index.php?rest_route=%2Fwp%2Fv2%2Fmedia&parent=3135"}],"wp:term":[{"taxonomy":"product_cat","embeddable":true,"href":"https:\/\/solucionesefectivasgt.com\/index.php?rest_route=%2Fwp%2Fv2%2Fproduct_cat&post=3135"},{"taxonomy":"product_tag","embeddable":true,"href":"https:\/\/solucionesefectivasgt.com\/index.php?rest_route=%2Fwp%2Fv2%2Fproduct_tag&post=3135"}],"curies":[{"name":"wp","href":"https:\/\/api.w.org\/{rel}","templated":true}]}}