{"id":3090,"date":"2026-03-02T19:18:25","date_gmt":"2026-03-03T01:18:25","guid":{"rendered":"https:\/\/solucionesefectivasgt.com\/?post_type=product&#038;p=3090"},"modified":"2026-03-02T19:18:25","modified_gmt":"2026-03-03T01:18:25","slug":"cava-crema-humectante-40ml","status":"publish","type":"product","link":"https:\/\/solucionesefectivasgt.com\/?product=cava-crema-humectante-40ml","title":{"rendered":"CAVA, CREMA HUMECTANTE 40ml"},"content":{"rendered":"<p>Crema Humectante 40ml<\/p>\n<p>Inspirado por las regiones vin\u00edcolas alrededor del mundo,<br \/>\nCava te consiente con una deliciosa sensaci\u00f3n de relajaci\u00f3n<br \/>\ngracias a su delicada fragancia.<br \/>\nSu shampoo y acondicionador<br \/>\nson ideales para un cabello<br \/>\nsuave y manejable.<\/p>\n<ul>\n<li>Delicada e inolvidable fragancia<br \/>\na champagne.<\/li>\n<li>Su crema humectante deja una<br \/>\npiel suave y radiante.<\/li>\n<li>Su shampoo y acondicionador<br \/>\nson ideales para un cabello<br \/>\nsuave y manejable.<\/li>\n<\/ul>\n<p>No m\u00e1s pl\u00e1stico<br \/>\nentrando al oc\u00e9ano<br \/>\nCava es una colecci\u00f3n desarrollada bajo la filosof\u00eda WECARE.<br \/>\nSu presentaci\u00f3n en tubo de 40 ml est\u00e1 envasada con pl\u00e1stico nOcean<br \/>\nproveniente de playas altamente contaminadas, despu\u00e9s reciclado y<br \/>\nprocesado para volver a un uso responsable.<\/p>\n<p>&nbsp;<\/p>\n<p><a href=\"https:\/\/solucionesefectivasgt.com\/wp-content\/uploads\/2026\/03\/brochure-cava-sitio-web.pdf\"><em><strong>BROCHURE<\/strong><\/em><\/a><\/p>\n","protected":false},"excerpt":{"rendered":"<p>Crema Humectante 40ml<\/p>\n<p>Caja de 150 unidades<\/p>\n","protected":false},"featured_media":2665,"comment_status":"closed","ping_status":"closed","template":"","meta":[],"product_cat":[33],"product_tag":[62,77],"class_list":{"0":"post-3090","1":"product","2":"type-product","3":"status-publish","4":"has-post-thumbnail","6":"product_cat-hotel-amenities","7":"product_tag-hoteles","8":"product_tag-spas","10":"first","11":"instock","12":"shipping-taxable","13":"purchasable","14":"product-type-simple"},"_links":{"self":[{"href":"https:\/\/solucionesefectivasgt.com\/index.php?rest_route=\/wp\/v2\/product\/3090","targetHints":{"allow":["GET"]}}],"collection":[{"href":"https:\/\/solucionesefectivasgt.com\/index.php?rest_route=\/wp\/v2\/product"}],"about":[{"href":"https:\/\/solucionesefectivasgt.com\/index.php?rest_route=\/wp\/v2\/types\/product"}],"replies":[{"embeddable":true,"href":"https:\/\/solucionesefectivasgt.com\/index.php?rest_route=%2Fwp%2Fv2%2Fcomments&post=3090"}],"wp:featuredmedia":[{"embeddable":true,"href":"https:\/\/solucionesefectivasgt.com\/index.php?rest_route=\/wp\/v2\/media\/2665"}],"wp:attachment":[{"href":"https:\/\/solucionesefectivasgt.com\/index.php?rest_route=%2Fwp%2Fv2%2Fmedia&parent=3090"}],"wp:term":[{"taxonomy":"product_cat","embeddable":true,"href":"https:\/\/solucionesefectivasgt.com\/index.php?rest_route=%2Fwp%2Fv2%2Fproduct_cat&post=3090"},{"taxonomy":"product_tag","embeddable":true,"href":"https:\/\/solucionesefectivasgt.com\/index.php?rest_route=%2Fwp%2Fv2%2Fproduct_tag&post=3090"}],"curies":[{"name":"wp","href":"https:\/\/api.w.org\/{rel}","templated":true}]}}