{"id":3047,"date":"2025-09-30T19:01:06","date_gmt":"2025-10-01T01:01:06","guid":{"rendered":"https:\/\/solucionesefectivasgt.com\/?post_type=product&#038;p=3047"},"modified":"2025-09-30T19:01:59","modified_gmt":"2025-10-01T01:01:59","slug":"tork-dispensador-de-papel-higienico-doble-rollo-elevation-mini-twin","status":"publish","type":"product","link":"https:\/\/solucionesefectivasgt.com\/?product=tork-dispensador-de-papel-higienico-doble-rollo-elevation-mini-twin","title":{"rendered":"TORK, DISPENSADOR DE PAPEL HIGIENICO DOBLE ROLLO ELEVATION MINI TWIN"},"content":{"rendered":"<p>El dispensador de Papel Higi\u00e9nico en Bobina Mini Twin de la l\u00ednea Elevation\u2122 de Tork\u00ae es ideal para ba\u00f1os con mucho tr\u00e1fico donde la experiencia del hu\u00e9sped es tan importante como la alta eficiencia y el bajo costo de funcionamiento.<\/p>\n<p>Los dispensadores de la l\u00ednea Elevation\u2122 de Tork\u00ae tienen un dise\u00f1o moderno y funcional que dejara una impresi\u00f3n duradera en sus invitados.<\/p>\n<p>Su dise\u00f1o horizontal y con capacidad para contener dos rollos garantizan que el papel higi\u00e9nico est\u00e9 siempre disponible.<\/p>\n<p>\u25cf Cuenta con un sistema de frenado que evita que los rollos giren libremente reduciendo el desperdicio<\/p>\n<p>\u25cf Su ventana transparente permite conocer cu\u00e1ndo es momento de hacer el recambio del rollo<\/p>\n<p>\u25cf Ambos rollos se pueden utilizar hasta el final<\/p>\n<p>&nbsp;<\/p>\n<p><em><strong>PRODUCTO COMPATIBLE:<\/strong><\/em><\/p>\n<p><a href=\"https:\/\/solucionesefectivasgt.com\/?product=papel-higienico-mini-jumbo-tork-advanced\"><img loading=\"lazy\" decoding=\"async\" class=\"\" src=\"https:\/\/solucionesefectivasgt.com\/wp-content\/uploads\/2020\/02\/MINI-JUMBO-2-HOJAS-150x150.jpg\" width=\"75\" height=\"75\" \/><\/a><\/p>\n","protected":false},"excerpt":{"rendered":"<p>DISPENSADOR DE DOBLE ROLLO<\/p>\n","protected":false},"featured_media":3045,"comment_status":"closed","ping_status":"closed","template":"","meta":[],"product_cat":[21],"product_tag":[53,64,63,77],"class_list":{"0":"post-3047","1":"product","2":"type-product","3":"status-publish","4":"has-post-thumbnail","6":"product_cat-dispensadores-de-papel-higienico","7":"product_tag-centros-de-eventos","8":"product_tag-clinicas","9":"product_tag-oficinas","10":"product_tag-spas","12":"first","13":"instock","14":"shipping-taxable","15":"purchasable","16":"product-type-simple"},"_links":{"self":[{"href":"https:\/\/solucionesefectivasgt.com\/index.php?rest_route=\/wp\/v2\/product\/3047","targetHints":{"allow":["GET"]}}],"collection":[{"href":"https:\/\/solucionesefectivasgt.com\/index.php?rest_route=\/wp\/v2\/product"}],"about":[{"href":"https:\/\/solucionesefectivasgt.com\/index.php?rest_route=\/wp\/v2\/types\/product"}],"replies":[{"embeddable":true,"href":"https:\/\/solucionesefectivasgt.com\/index.php?rest_route=%2Fwp%2Fv2%2Fcomments&post=3047"}],"wp:featuredmedia":[{"embeddable":true,"href":"https:\/\/solucionesefectivasgt.com\/index.php?rest_route=\/wp\/v2\/media\/3045"}],"wp:attachment":[{"href":"https:\/\/solucionesefectivasgt.com\/index.php?rest_route=%2Fwp%2Fv2%2Fmedia&parent=3047"}],"wp:term":[{"taxonomy":"product_cat","embeddable":true,"href":"https:\/\/solucionesefectivasgt.com\/index.php?rest_route=%2Fwp%2Fv2%2Fproduct_cat&post=3047"},{"taxonomy":"product_tag","embeddable":true,"href":"https:\/\/solucionesefectivasgt.com\/index.php?rest_route=%2Fwp%2Fv2%2Fproduct_tag&post=3047"}],"curies":[{"name":"wp","href":"https:\/\/api.w.org\/{rel}","templated":true}]}}