{"id":3042,"date":"2025-09-19T12:26:40","date_gmt":"2025-09-19T18:26:40","guid":{"rendered":"https:\/\/solucionesefectivasgt.com\/?post_type=product&#038;p=3042"},"modified":"2025-09-19T12:26:40","modified_gmt":"2025-09-19T18:26:40","slug":"cava-shower-gel-3lts","status":"publish","type":"product","link":"https:\/\/solucionesefectivasgt.com\/?product=cava-shower-gel-3lts","title":{"rendered":"CAVA, SHOWER GEL 3lts"},"content":{"rendered":"<section class=\"av_textblock_section av-ly65plo8-efc2f1ecfd19736f6a3fa96504f8ea5b \">\n<div class=\"avia_textblock letter-space-05em\">\n<p class=\"p1\"><span class=\"s1\">Inspirado por las regiones vin\u00edcolas alrededor del mundo,\u00a0<\/span><span class=\"s2\"><b>Cava<\/b><\/span><span class=\"s1\">\u00a0te ofrece una experiencia de relajaci\u00f3n incomparable.<br \/>\n<\/span><span class=\"s1\">Su delicada fragancia te envuelve en una\u00a0<\/span><span class=\"s2\"><b>atm\u00f3sfera de tranquilidad y sofisticaci\u00f3n<\/b><\/span><span class=\"s1\">, permiti\u00e9ndote disfrutar de una exquisita sensaci\u00f3n de bienestar.<\/span><\/p>\n<\/div>\n<\/section>\n<div class=\"hr av-8j7i6-d1567e13bf3f2e1303fa464347f96d59 hr-invisible avia-builder-el-8 el_after_av_textblock el_before_av_hr \">\n<section class=\"av_textblock_section av-ly66onba-2b5064dbad041da21fcd540eba031d1c \">\n<div class=\"avia_textblock text-block-two-column\">\n<ul>\n<li class=\"p1\"><b>Aroma<br \/>\n<\/b>Inspirado en las propiedades exclusivas de la enolog\u00eda. Su aroma a champagne ofrece una experiencia relajante y cautivadora.<\/li>\n<li>\n<p class=\"p1\"><b>Sugerencia<br \/>\n<\/b>Sugerido para hoteles cl\u00e1sicos, empresariales e influidos en la naturaleza.<\/p>\n<\/li>\n<\/ul>\n<\/div>\n<\/section>\n<section class=\"av_textblock_section av-ly66poli-c1cd8752dae34a83209037bdd62ce19c \">\n<div class=\"avia_textblock text-block-full-column\">\n<ul>\n<li class=\"p1\">\n<p class=\"p1\"><b>Beneficio<br \/>\n<\/b>Sensaci\u00f3n ligera y de r\u00e1pida absorci\u00f3n que suaviza la piel y evoca el refinamiento de un buen Champagne<\/p>\n<\/li>\n<\/ul>\n<\/div>\n<\/section>\n<\/div>\n","protected":false},"excerpt":{"rendered":"<p>Gel de ba\u00f1o 3lts<\/p>\n","protected":false},"featured_media":3040,"comment_status":"closed","ping_status":"closed","template":"","meta":[],"product_cat":[33,18],"product_tag":[62,77],"class_list":{"0":"post-3042","1":"product","2":"type-product","3":"status-publish","4":"has-post-thumbnail","6":"product_cat-hotel-amenities","7":"product_cat-jabones","8":"product_tag-hoteles","9":"product_tag-spas","11":"first","12":"instock","13":"shipping-taxable","14":"purchasable","15":"product-type-simple"},"_links":{"self":[{"href":"https:\/\/solucionesefectivasgt.com\/index.php?rest_route=\/wp\/v2\/product\/3042","targetHints":{"allow":["GET"]}}],"collection":[{"href":"https:\/\/solucionesefectivasgt.com\/index.php?rest_route=\/wp\/v2\/product"}],"about":[{"href":"https:\/\/solucionesefectivasgt.com\/index.php?rest_route=\/wp\/v2\/types\/product"}],"replies":[{"embeddable":true,"href":"https:\/\/solucionesefectivasgt.com\/index.php?rest_route=%2Fwp%2Fv2%2Fcomments&post=3042"}],"wp:featuredmedia":[{"embeddable":true,"href":"https:\/\/solucionesefectivasgt.com\/index.php?rest_route=\/wp\/v2\/media\/3040"}],"wp:attachment":[{"href":"https:\/\/solucionesefectivasgt.com\/index.php?rest_route=%2Fwp%2Fv2%2Fmedia&parent=3042"}],"wp:term":[{"taxonomy":"product_cat","embeddable":true,"href":"https:\/\/solucionesefectivasgt.com\/index.php?rest_route=%2Fwp%2Fv2%2Fproduct_cat&post=3042"},{"taxonomy":"product_tag","embeddable":true,"href":"https:\/\/solucionesefectivasgt.com\/index.php?rest_route=%2Fwp%2Fv2%2Fproduct_tag&post=3042"}],"curies":[{"name":"wp","href":"https:\/\/api.w.org\/{rel}","templated":true}]}}