{"id":3009,"date":"2025-08-13T15:48:54","date_gmt":"2025-08-13T21:48:54","guid":{"rendered":"https:\/\/solucionesefectivasgt.com\/?post_type=product&#038;p=3009"},"modified":"2025-08-13T15:48:54","modified_gmt":"2025-08-13T21:48:54","slug":"evowipes-panos-reutilizables","status":"publish","type":"product","link":"https:\/\/solucionesefectivasgt.com\/?product=evowipes-panos-reutilizables","title":{"rendered":"EVOWIPES, PA\u00d1OS REUTILIZABLES"},"content":{"rendered":"<p>Pa\u00f1o Multiusos, Rollo de 80 pa\u00f1os<\/p>\n<p>\u2022 \u00a0Alta capacidad de absorci\u00f3n y resistencia<\/p>\n<p>\u2022 \u00a0Alta durabilidad y resistencia<\/p>\n<p>\u2022\u00a0M\u00ednimo desprendimiento\u00a0de pelusa<\/p>\n<p>\u2022 Evita la contaminaci\u00f3n cruzada aplicando el c\u00f3digo de asignaci\u00f3n de colores por \u00e1rea (<strong>4 colores disponibles)<\/strong>.<\/p>\n<p>\u2022 Orientado a soluciones integrales de higiene, en la industria de alimentos.<\/p>\n<p>\u2022\u00a0M\u00ednimo desprendimiento de pelusa.<\/p>\n","protected":false},"excerpt":{"rendered":"<p>Pa\u00f1os Reutilizables 80 pa\u00f1os por rollo<\/p>\n","protected":false},"featured_media":3008,"comment_status":"closed","ping_status":"closed","template":"","meta":[],"product_cat":[31,41,42],"product_tag":[],"class_list":{"0":"post-3009","1":"product","2":"type-product","3":"status-publish","4":"has-post-thumbnail","6":"product_cat-multipropositos","7":"product_cat-suministros-de-cocina","8":"product_cat-wipes","10":"first","11":"instock","12":"shipping-taxable","13":"purchasable","14":"product-type-simple"},"_links":{"self":[{"href":"https:\/\/solucionesefectivasgt.com\/index.php?rest_route=\/wp\/v2\/product\/3009","targetHints":{"allow":["GET"]}}],"collection":[{"href":"https:\/\/solucionesefectivasgt.com\/index.php?rest_route=\/wp\/v2\/product"}],"about":[{"href":"https:\/\/solucionesefectivasgt.com\/index.php?rest_route=\/wp\/v2\/types\/product"}],"replies":[{"embeddable":true,"href":"https:\/\/solucionesefectivasgt.com\/index.php?rest_route=%2Fwp%2Fv2%2Fcomments&post=3009"}],"wp:featuredmedia":[{"embeddable":true,"href":"https:\/\/solucionesefectivasgt.com\/index.php?rest_route=\/wp\/v2\/media\/3008"}],"wp:attachment":[{"href":"https:\/\/solucionesefectivasgt.com\/index.php?rest_route=%2Fwp%2Fv2%2Fmedia&parent=3009"}],"wp:term":[{"taxonomy":"product_cat","embeddable":true,"href":"https:\/\/solucionesefectivasgt.com\/index.php?rest_route=%2Fwp%2Fv2%2Fproduct_cat&post=3009"},{"taxonomy":"product_tag","embeddable":true,"href":"https:\/\/solucionesefectivasgt.com\/index.php?rest_route=%2Fwp%2Fv2%2Fproduct_tag&post=3009"}],"curies":[{"name":"wp","href":"https:\/\/api.w.org\/{rel}","templated":true}]}}