{"id":2977,"date":"2025-07-30T13:18:03","date_gmt":"2025-07-30T19:18:03","guid":{"rendered":"https:\/\/solucionesefectivasgt.com\/?post_type=product&#038;p=2977"},"modified":"2025-07-30T13:19:53","modified_gmt":"2025-07-30T19:19:53","slug":"tork-dispensador-de-toalla-de-manos-de-fluido-centrico","status":"publish","type":"product","link":"https:\/\/solucionesefectivasgt.com\/?product=tork-dispensador-de-toalla-de-manos-de-fluido-centrico","title":{"rendered":"TORK, DISPENSADOR DE TOALLA DE MANOS DE FLUIDO CENTRICO"},"content":{"rendered":"<p>El dispensador de alimentaci\u00f3n central Tork\u00ae de la l\u00ednea Elevation es una soluci\u00f3n vers\u00e1til de gran capacidad para entornos profesionales en los que es necesario el secado de manos y superficies. Permite secar las superficies de manera r\u00e1pida gracias a su funci\u00f3n de flujo ilimitado que permite a los usuarios completar sus tareas sin restricciones. Los dispensadores de la l\u00ednea Elevation tienen un dise\u00f1o funcional y moderno.<\/p>\n<p><strong>VENTAJAS:<\/strong><\/p>\n<ul>\n<li>Facilidad de uso con una sola mano<\/li>\n<li>Reduce el riesgo de contaminaci\u00f3n cruzada dado que los usuarios solo tocan lo que usan<\/li>\n<li>Mejora el nivel general de limpieza, ya que facilita las tareas de limpieza<\/li>\n<li>La versatilidad del mecanismo de cierre ayuda a controlar el uso indebido.<\/li>\n<\/ul>\n<p>&nbsp;<\/p>\n<p>PRODUCTO COMPATIBLE:<\/p>\n<p><a href=\"https:\/\/solucionesefectivasgt.com\/?product=tork-toalla-de-manos-de-fluido-centrico-reflex\"><img loading=\"lazy\" decoding=\"async\" class=\"\" src=\"https:\/\/solucionesefectivasgt.com\/wp-content\/uploads\/2023\/09\/toalla-reflex-2-hojas-150x150.png\" width=\"75\" height=\"75\" \/><\/a><\/p>\n<p>&nbsp;<\/p>\n<p>&nbsp;<\/p>\n","protected":false},"excerpt":{"rendered":"<p>Dispensador de toalla de fluido centrico<\/p>\n","protected":false},"featured_media":2976,"comment_status":"closed","ping_status":"closed","template":"","meta":[],"product_cat":[83,20],"product_tag":[53,64,61,77],"class_list":{"0":"post-2977","1":"product","2":"type-product","3":"status-publish","4":"has-post-thumbnail","6":"product_cat-tork","7":"product_cat-dispensadores-de-manos","8":"product_tag-centros-de-eventos","9":"product_tag-clinicas","10":"product_tag-restaurantes","11":"product_tag-spas","13":"first","14":"instock","15":"shipping-taxable","16":"purchasable","17":"product-type-simple"},"_links":{"self":[{"href":"https:\/\/solucionesefectivasgt.com\/index.php?rest_route=\/wp\/v2\/product\/2977","targetHints":{"allow":["GET"]}}],"collection":[{"href":"https:\/\/solucionesefectivasgt.com\/index.php?rest_route=\/wp\/v2\/product"}],"about":[{"href":"https:\/\/solucionesefectivasgt.com\/index.php?rest_route=\/wp\/v2\/types\/product"}],"replies":[{"embeddable":true,"href":"https:\/\/solucionesefectivasgt.com\/index.php?rest_route=%2Fwp%2Fv2%2Fcomments&post=2977"}],"wp:featuredmedia":[{"embeddable":true,"href":"https:\/\/solucionesefectivasgt.com\/index.php?rest_route=\/wp\/v2\/media\/2976"}],"wp:attachment":[{"href":"https:\/\/solucionesefectivasgt.com\/index.php?rest_route=%2Fwp%2Fv2%2Fmedia&parent=2977"}],"wp:term":[{"taxonomy":"product_cat","embeddable":true,"href":"https:\/\/solucionesefectivasgt.com\/index.php?rest_route=%2Fwp%2Fv2%2Fproduct_cat&post=2977"},{"taxonomy":"product_tag","embeddable":true,"href":"https:\/\/solucionesefectivasgt.com\/index.php?rest_route=%2Fwp%2Fv2%2Fproduct_tag&post=2977"}],"curies":[{"name":"wp","href":"https:\/\/api.w.org\/{rel}","templated":true}]}}