{"id":2959,"date":"2025-07-14T20:46:43","date_gmt":"2025-07-15T02:46:43","guid":{"rendered":"https:\/\/solucionesefectivasgt.com\/?post_type=product&#038;p=2959"},"modified":"2025-07-15T11:18:33","modified_gmt":"2025-07-15T17:18:33","slug":"elements-shampo-2-en-1-400ml","status":"publish","type":"product","link":"https:\/\/solucionesefectivasgt.com\/?product=elements-shampo-2-en-1-400ml","title":{"rendered":"ELEMENTS, SHAMPO 2 EN 1 400ml"},"content":{"rendered":"<p>Transforma tu ba\u00f1o en un santuario de elegancia y orden con nuestro dispensador empotrable ELEMENTS. Su dise\u00f1o minimalista se integra perfectamente en la pared, liberando espacio en tu ducha. Disfruta de la comodidad y el lujo de tener tus productos esenciales siempre al alcance, con un toque sofisticado.<\/p>\n<p>&nbsp;<\/p>\n<ul>\n<li><b>Caracter\u00edstica distintiva:<\/b> Empotrable en la pared, dise\u00f1o minimalista, elegante, ahorra espacio.<\/li>\n<li><b>Beneficios para el usuario:<\/b>\n<ul>\n<li><b>Est\u00e9ticos:<\/b> Ba\u00f1o organizado, aspecto limpio, moderno, sofisticado, minimalista.<\/li>\n<li><b>Funcionales:<\/b> Acceso c\u00f3modo, f\u00e1cil recarga, dosificaci\u00f3n precisa, duradero, resistente.<\/li>\n<\/ul>\n<\/li>\n<li><b>Material:<\/b> pl\u00e1stico de alta calidad, etc.<\/li>\n<li><b>Instalaci\u00f3n:<\/b> F\u00e1cil instalaci\u00f3n<\/li>\n<\/ul>\n<p>&nbsp;<\/p>\n<p><em><strong>PRODUCTO COMPATIBLE:<\/strong><\/em><\/p>\n<p><a href=\"https:\/\/solucionesefectivasgt.com\/?product=elements-soporte-de-pared-para-shampoo-y-gel-de-bano\"><img loading=\"lazy\" decoding=\"async\" class=\"\" src=\"https:\/\/solucionesefectivasgt.com\/wp-content\/uploads\/2025\/07\/soporte-elements-400ml-150x150.png\" width=\"75\" height=\"75\" \/><\/a><a href=\"https:\/\/solucionesefectivasgt.com\/?product=elements-shampoo-acondicionador\"><img loading=\"lazy\" decoding=\"async\" class=\"\" src=\"https:\/\/solucionesefectivasgt.com\/wp-content\/uploads\/2025\/04\/shampoo-acondicionador-elements-3lts-150x150.jpg\" width=\"75\" height=\"75\" \/><\/a><\/p>\n<p>&nbsp;<\/p>\n<p>&nbsp;<\/p>\n<p>&nbsp;<\/p>\n<p>&nbsp;<\/p>\n<p>&nbsp;<\/p>\n","protected":false},"excerpt":{"rendered":"<p>Shampoo 2 en 1 400ml<\/p>\n<p>&nbsp;<\/p>\n","protected":false},"featured_media":2955,"comment_status":"closed","ping_status":"closed","template":"","meta":[],"product_cat":[33],"product_tag":[62,77],"class_list":{"0":"post-2959","1":"product","2":"type-product","3":"status-publish","4":"has-post-thumbnail","6":"product_cat-hotel-amenities","7":"product_tag-hoteles","8":"product_tag-spas","10":"first","11":"instock","12":"shipping-taxable","13":"purchasable","14":"product-type-simple"},"_links":{"self":[{"href":"https:\/\/solucionesefectivasgt.com\/index.php?rest_route=\/wp\/v2\/product\/2959","targetHints":{"allow":["GET"]}}],"collection":[{"href":"https:\/\/solucionesefectivasgt.com\/index.php?rest_route=\/wp\/v2\/product"}],"about":[{"href":"https:\/\/solucionesefectivasgt.com\/index.php?rest_route=\/wp\/v2\/types\/product"}],"replies":[{"embeddable":true,"href":"https:\/\/solucionesefectivasgt.com\/index.php?rest_route=%2Fwp%2Fv2%2Fcomments&post=2959"}],"wp:featuredmedia":[{"embeddable":true,"href":"https:\/\/solucionesefectivasgt.com\/index.php?rest_route=\/wp\/v2\/media\/2955"}],"wp:attachment":[{"href":"https:\/\/solucionesefectivasgt.com\/index.php?rest_route=%2Fwp%2Fv2%2Fmedia&parent=2959"}],"wp:term":[{"taxonomy":"product_cat","embeddable":true,"href":"https:\/\/solucionesefectivasgt.com\/index.php?rest_route=%2Fwp%2Fv2%2Fproduct_cat&post=2959"},{"taxonomy":"product_tag","embeddable":true,"href":"https:\/\/solucionesefectivasgt.com\/index.php?rest_route=%2Fwp%2Fv2%2Fproduct_tag&post=2959"}],"curies":[{"name":"wp","href":"https:\/\/api.w.org\/{rel}","templated":true}]}}