{"id":2925,"date":"2025-06-01T15:01:32","date_gmt":"2025-06-01T21:01:32","guid":{"rendered":"https:\/\/solucionesefectivasgt.com\/?post_type=product&#038;p=2925"},"modified":"2026-03-25T15:48:50","modified_gmt":"2026-03-25T21:48:50","slug":"cava-jabon-liquido-250ml","status":"publish","type":"product","link":"https:\/\/solucionesefectivasgt.com\/?product=cava-jabon-liquido-250ml","title":{"rendered":"CAVA, JABON LIQUIDO 250ml"},"content":{"rendered":"<div class=\"avia-image-container av-ly65oytt-7ad01323368fc2f29f5db3b4128ad34d av-styling- avia-align-center avia-builder-el-5 el_before_av_hr avia-builder-el-first \">\n<div class=\"avia-image-container-inner\">\n<div class=\"avia-image-overlay-wrap\"><img loading=\"lazy\" decoding=\"async\" class=\"wp-image-12383 avia-img-lazy-loading-not-12383 avia_image \" title=\"Cava\" src=\"https:\/\/www.jypesa.com\/wp-content\/uploads\/2024\/07\/cava-.png\" sizes=\"auto, (max-width: 309px) 100vw, 309px\" srcset=\"https:\/\/www.jypesa.com\/wp-content\/uploads\/2024\/07\/cava-.png 309w, https:\/\/www.jypesa.com\/wp-content\/uploads\/2024\/07\/cava--300x159.png 300w\" alt=\"\" width=\"164\" height=\"87\" \/><\/div>\n<\/div>\n<\/div>\n<section class=\"av_textblock_section av-ly65plo8-efc2f1ecfd19736f6a3fa96504f8ea5b \">\n<div class=\"avia_textblock letter-space-05em\">\n<p class=\"p1\"><span class=\"s1\">Inspirado por las regiones vin\u00edcolas alrededor del mundo,\u00a0<\/span><span class=\"s2\"><b>Cava<\/b><\/span><span class=\"s1\">\u00a0te ofrece una experiencia de relajaci\u00f3n incomparable.<br \/>\n<\/span><span class=\"s1\">Su delicada fragancia te envuelve en una\u00a0<\/span><span class=\"s2\"><b>atm\u00f3sfera de tranquilidad y sofisticaci\u00f3n<\/b><\/span><span class=\"s1\">, permiti\u00e9ndote disfrutar de una exquisita sensaci\u00f3n de bienestar.<\/span><\/p>\n<\/div>\n<\/section>\n<div class=\"hr av-8j7i6-d1567e13bf3f2e1303fa464347f96d59 hr-invisible avia-builder-el-8 el_after_av_textblock el_before_av_hr \">\n<section class=\"av_textblock_section av-ly66onba-2b5064dbad041da21fcd540eba031d1c \">\n<div class=\"avia_textblock text-block-two-column\">\n<ul>\n<li class=\"p1\"><b>Aroma<br \/>\n<\/b>Inspirado en las propiedades exclusivas de la enolog\u00eda. Su aroma a champagne ofrece una experiencia relajante y cautivadora.<\/li>\n<li>\n<p class=\"p1\"><b>Sugerencia<br \/>\n<\/b>Sugerido para hoteles cl\u00e1sicos, empresariales e influidos en la naturaleza.<\/p>\n<\/li>\n<\/ul>\n<\/div>\n<\/section>\n<section class=\"av_textblock_section av-ly66poli-c1cd8752dae34a83209037bdd62ce19c \">\n<div class=\"avia_textblock text-block-full-column\">\n<ul>\n<li class=\"p1\">\n<p class=\"p1\"><b>Beneficio<br \/>\n<\/b>Sensaci\u00f3n ligera y de r\u00e1pida absorci\u00f3n que suaviza la piel y evoca el refinamiento de un buen Champagne<\/p>\n<\/li>\n<\/ul>\n<\/div>\n<\/section>\n<h2 class=\"av-special-heading-tag \"><b>Cava est\u00e1 impregnado de la filosof\u00eda We Care.<\/b><\/h2>\n<div class=\"av_custom_color av-subheading av-subheading_below\">\n<p>Cada envase de 40 ml se fabrica con pl\u00e1stico reciclado de playas altamente contaminadas, recolectado por comunidades vulnerables. Con tu elecci\u00f3n, no solo contribuyes a limpiar el aire y los oc\u00e9anos, sino que tambi\u00e9n proporcionas trabajo a quienes m\u00e1s lo necesitan.<\/p>\n<\/div>\n<\/div>\n<p><a href=\"https:\/\/solucionesefectivasgt.com\/wp-content\/uploads\/2025\/06\/LINEA-cava-2025-web-2.pdf\"><strong><em>DESCARGAR BROCHURE<\/em><\/strong><\/a><\/p>\n","protected":false},"excerpt":{"rendered":"<p>Jabon Liquido 250ml<\/p>\n","protected":false},"featured_media":2920,"comment_status":"closed","ping_status":"closed","template":"","meta":[],"product_cat":[33,18],"product_tag":[62,77],"class_list":{"0":"post-2925","1":"product","2":"type-product","3":"status-publish","4":"has-post-thumbnail","6":"product_cat-hotel-amenities","7":"product_cat-jabones","8":"product_tag-hoteles","9":"product_tag-spas","11":"first","12":"instock","13":"shipping-taxable","14":"purchasable","15":"product-type-simple"},"_links":{"self":[{"href":"https:\/\/solucionesefectivasgt.com\/index.php?rest_route=\/wp\/v2\/product\/2925","targetHints":{"allow":["GET"]}}],"collection":[{"href":"https:\/\/solucionesefectivasgt.com\/index.php?rest_route=\/wp\/v2\/product"}],"about":[{"href":"https:\/\/solucionesefectivasgt.com\/index.php?rest_route=\/wp\/v2\/types\/product"}],"replies":[{"embeddable":true,"href":"https:\/\/solucionesefectivasgt.com\/index.php?rest_route=%2Fwp%2Fv2%2Fcomments&post=2925"}],"wp:featuredmedia":[{"embeddable":true,"href":"https:\/\/solucionesefectivasgt.com\/index.php?rest_route=\/wp\/v2\/media\/2920"}],"wp:attachment":[{"href":"https:\/\/solucionesefectivasgt.com\/index.php?rest_route=%2Fwp%2Fv2%2Fmedia&parent=2925"}],"wp:term":[{"taxonomy":"product_cat","embeddable":true,"href":"https:\/\/solucionesefectivasgt.com\/index.php?rest_route=%2Fwp%2Fv2%2Fproduct_cat&post=2925"},{"taxonomy":"product_tag","embeddable":true,"href":"https:\/\/solucionesefectivasgt.com\/index.php?rest_route=%2Fwp%2Fv2%2Fproduct_tag&post=2925"}],"curies":[{"name":"wp","href":"https:\/\/api.w.org\/{rel}","templated":true}]}}