{"id":2799,"date":"2024-05-21T08:53:15","date_gmt":"2024-05-21T14:53:15","guid":{"rendered":"https:\/\/solucionesefectivasgt.com\/?post_type=product&#038;p=2799"},"modified":"2025-05-01T00:01:18","modified_gmt":"2025-05-01T06:01:18","slug":"rubbermaid-estacion-plegable-horizontal-p-cambio-de-bebe","status":"publish","type":"product","link":"https:\/\/solucionesefectivasgt.com\/?product=rubbermaid-estacion-plegable-horizontal-p-cambio-de-bebe","title":{"rendered":"RUBBERMAID, ESTACION PLEGABLE HORIZONTAL P\/CAMBIO DE BEBE"},"content":{"rendered":"<p class=\"\">Creada a partir de polipropileno de alta densidad para reducir la absorci\u00f3n de humedad, la estaci\u00f3n para beb\u00e9s cumple con todos los est\u00e1ndares de seguridad globales ASTM, ADA, EN.<\/p>\n<ul class=\"\">\n<li class=\"\">Cumple con todas las normas de seguridad globales ASTM, ADA, EN.<\/li>\n<li class=\"\">Ganchos de f\u00e1cil alcance<\/li>\n<li class=\"\">Protecci\u00f3n antimicrobiana<\/li>\n<\/ul>\n<p>&nbsp;<\/p>\n<p>DIMENSIONES:\u00a0 84 X 54 X 10 cms<\/p>\n","protected":false},"excerpt":{"rendered":"<p>Dimensiones: 84x54x10 cms<\/p>\n","protected":false},"featured_media":2798,"comment_status":"closed","ping_status":"closed","template":"","meta":[],"product_cat":[31],"product_tag":[53,62,61],"class_list":{"0":"post-2799","1":"product","2":"type-product","3":"status-publish","4":"has-post-thumbnail","6":"product_cat-multipropositos","7":"product_tag-centros-de-eventos","8":"product_tag-hoteles","9":"product_tag-restaurantes","11":"first","12":"instock","13":"shipping-taxable","14":"purchasable","15":"product-type-simple"},"_links":{"self":[{"href":"https:\/\/solucionesefectivasgt.com\/index.php?rest_route=\/wp\/v2\/product\/2799","targetHints":{"allow":["GET"]}}],"collection":[{"href":"https:\/\/solucionesefectivasgt.com\/index.php?rest_route=\/wp\/v2\/product"}],"about":[{"href":"https:\/\/solucionesefectivasgt.com\/index.php?rest_route=\/wp\/v2\/types\/product"}],"replies":[{"embeddable":true,"href":"https:\/\/solucionesefectivasgt.com\/index.php?rest_route=%2Fwp%2Fv2%2Fcomments&post=2799"}],"wp:featuredmedia":[{"embeddable":true,"href":"https:\/\/solucionesefectivasgt.com\/index.php?rest_route=\/wp\/v2\/media\/2798"}],"wp:attachment":[{"href":"https:\/\/solucionesefectivasgt.com\/index.php?rest_route=%2Fwp%2Fv2%2Fmedia&parent=2799"}],"wp:term":[{"taxonomy":"product_cat","embeddable":true,"href":"https:\/\/solucionesefectivasgt.com\/index.php?rest_route=%2Fwp%2Fv2%2Fproduct_cat&post=2799"},{"taxonomy":"product_tag","embeddable":true,"href":"https:\/\/solucionesefectivasgt.com\/index.php?rest_route=%2Fwp%2Fv2%2Fproduct_tag&post=2799"}],"curies":[{"name":"wp","href":"https:\/\/api.w.org\/{rel}","templated":true}]}}