{"id":2790,"date":"2024-03-14T19:14:01","date_gmt":"2024-03-15T01:14:01","guid":{"rendered":"https:\/\/solucionesefectivasgt.com\/?post_type=product&#038;p=2790"},"modified":"2024-06-19T11:13:57","modified_gmt":"2024-06-19T17:13:57","slug":"tork-dispensador-para-toalla-interfoliada-counter-top-blanco","status":"publish","type":"product","link":"https:\/\/solucionesefectivasgt.com\/?product=tork-dispensador-para-toalla-interfoliada-counter-top-blanco","title":{"rendered":"TORK, DISPENSADOR PARA TOALLA INTERFOLIADA COUNTER TOP BLANCO"},"content":{"rendered":"<div class=\"ng-star-inserted\">Tork Xpress\u00ae\u00a0 El dispensador de Toallas de Mano interfoliadas Countertop, de la l\u00ednea Elevation, es una gran alternativa a ofrecer una pila de toallas sueltas en la encimera del aseo. Los dispensadores de la l\u00ednea Tork Elevation tienen un dise\u00f1o moderno y funcional que causar\u00e1 buena impresi\u00f3n a tus clientes.<\/div>\n<ul class=\"pt-2\">\n<li class=\"ng-star-inserted\">Dispensaci\u00f3n individual que reduce el consumo y aumenta el nivel de higiene<\/li>\n<li class=\"ng-star-inserted\">Aspecto elegante e higiene \u00f3ptima en comparaci\u00f3n con tan solo poner una pila de toallas de papel<\/li>\n<li class=\"ng-star-inserted\">Tama\u00f1o compacto que resulta ideal cuando hay poco espacio o el montaje no es posible<\/li>\n<li class=\"ng-star-inserted\">F\u00e1cil mantenimiento con indicador de recambio que muestra cu\u00e1ndo va a ser necesario reponer<\/li>\n<\/ul>\n","protected":false},"excerpt":{"rendered":"<p>DISPENSADOR COUNTERTOP PARA TOALLAS INTERFOLIADAS<\/p>\n","protected":false},"featured_media":2783,"comment_status":"closed","ping_status":"closed","template":"","meta":[],"product_cat":[83,32],"product_tag":[64,62,63,61,77],"class_list":{"0":"post-2790","1":"product","2":"type-product","3":"status-publish","4":"has-post-thumbnail","6":"product_cat-tork","7":"product_cat-dispensadores-de-toalla-interfoliada","8":"product_tag-clinicas","9":"product_tag-hoteles","10":"product_tag-oficinas","11":"product_tag-restaurantes","12":"product_tag-spas","14":"first","15":"instock","16":"shipping-taxable","17":"purchasable","18":"product-type-simple"},"_links":{"self":[{"href":"https:\/\/solucionesefectivasgt.com\/index.php?rest_route=\/wp\/v2\/product\/2790","targetHints":{"allow":["GET"]}}],"collection":[{"href":"https:\/\/solucionesefectivasgt.com\/index.php?rest_route=\/wp\/v2\/product"}],"about":[{"href":"https:\/\/solucionesefectivasgt.com\/index.php?rest_route=\/wp\/v2\/types\/product"}],"replies":[{"embeddable":true,"href":"https:\/\/solucionesefectivasgt.com\/index.php?rest_route=%2Fwp%2Fv2%2Fcomments&post=2790"}],"wp:featuredmedia":[{"embeddable":true,"href":"https:\/\/solucionesefectivasgt.com\/index.php?rest_route=\/wp\/v2\/media\/2783"}],"wp:attachment":[{"href":"https:\/\/solucionesefectivasgt.com\/index.php?rest_route=%2Fwp%2Fv2%2Fmedia&parent=2790"}],"wp:term":[{"taxonomy":"product_cat","embeddable":true,"href":"https:\/\/solucionesefectivasgt.com\/index.php?rest_route=%2Fwp%2Fv2%2Fproduct_cat&post=2790"},{"taxonomy":"product_tag","embeddable":true,"href":"https:\/\/solucionesefectivasgt.com\/index.php?rest_route=%2Fwp%2Fv2%2Fproduct_tag&post=2790"}],"curies":[{"name":"wp","href":"https:\/\/api.w.org\/{rel}","templated":true}]}}