{"id":2760,"date":"2024-01-26T07:50:05","date_gmt":"2024-01-26T13:50:05","guid":{"rendered":"https:\/\/solucionesefectivasgt.com\/?post_type=product&#038;p=2760"},"modified":"2024-01-26T07:50:06","modified_gmt":"2024-01-26T13:50:06","slug":"versel-md-desengrasante-alcalino","status":"publish","type":"product","link":"https:\/\/solucionesefectivasgt.com\/?product=versel-md-desengrasante-alcalino","title":{"rendered":"VERSEL MD, DESENGRASANTE ALCALINO"},"content":{"rendered":"<p>VERSEL MD es un poderoso desengrasante de alta concentraci\u00f3n. Es<br \/>\neficaz y efectivo combatiendo las grasas animales, vegetales y<br \/>\nderivadas de hidrocarburos, todo tipo de residuos s\u00f3lidos<br \/>\nacumulados en cualquier tipo de superficie, incluso carbonizados.<br \/>\nVERSEL MD contiene una especial combinaci\u00f3n de surfactantes<br \/>\nsint\u00e9ticos que ayuda a la r\u00e1pida penetraci\u00f3n y suspensi\u00f3n de grasas,<br \/>\naceites, residuos alimenticios y mucho m\u00e1s. Tolera perfectamente el<br \/>\nagua dura. Es compatible con todo tipo de superficies sin da\u00f1arlas.<\/p>\n<ul>\n<li>Mezcla de detergentes org\u00e1nicos y alcalinizantes.<\/li>\n<li>Efectivo contra grasa y aceite de origen vegetal e hidrocarburos,<br \/>\ns\u00f3lidos de prote\u00ednas y s\u00f3lidos carbonizados.<\/li>\n<li>Previene que se deposite nuevamente la suciedad.<\/li>\n<li>Tolera el agua dura.<\/li>\n<li>Espuma alta.<\/li>\n<li>Seguro de usar en cualquier metal despu\u00e9s de diluir.<\/li>\n<li>Reduce el tiempo de limpieza.<\/li>\n<\/ul>\n<p>&nbsp;<\/p>\n<p><a href=\"https:\/\/solucionesefectivasgt.com\/wp-content\/uploads\/2024\/01\/VerselMD-push-up-hoja-tecnica.pdf\"><em><strong>HOJA TECNICA:<\/strong><\/em><\/a><\/p>\n","protected":false},"excerpt":{"rendered":"<p>Desengrasante Alcalino<\/p>\n<p>Producto Concentrado<\/p>\n<p>Presentacion: 1 litro<\/p>\n<p>Rendimiento: 10 a 50 litros segun la dilucion aplicada<\/p>\n","protected":false},"featured_media":2750,"comment_status":"closed","ping_status":"closed","template":"","meta":[],"product_cat":[65,27,41],"product_tag":[62,61],"class_list":{"0":"post-2760","1":"product","2":"type-product","3":"status-publish","4":"has-post-thumbnail","6":"product_cat-clean-on-the-go","7":"product_cat-desengrasantes","8":"product_cat-suministros-de-cocina","9":"product_tag-hoteles","10":"product_tag-restaurantes","12":"first","13":"instock","14":"shipping-taxable","15":"purchasable","16":"product-type-simple"},"_links":{"self":[{"href":"https:\/\/solucionesefectivasgt.com\/index.php?rest_route=\/wp\/v2\/product\/2760","targetHints":{"allow":["GET"]}}],"collection":[{"href":"https:\/\/solucionesefectivasgt.com\/index.php?rest_route=\/wp\/v2\/product"}],"about":[{"href":"https:\/\/solucionesefectivasgt.com\/index.php?rest_route=\/wp\/v2\/types\/product"}],"replies":[{"embeddable":true,"href":"https:\/\/solucionesefectivasgt.com\/index.php?rest_route=%2Fwp%2Fv2%2Fcomments&post=2760"}],"wp:featuredmedia":[{"embeddable":true,"href":"https:\/\/solucionesefectivasgt.com\/index.php?rest_route=\/wp\/v2\/media\/2750"}],"wp:attachment":[{"href":"https:\/\/solucionesefectivasgt.com\/index.php?rest_route=%2Fwp%2Fv2%2Fmedia&parent=2760"}],"wp:term":[{"taxonomy":"product_cat","embeddable":true,"href":"https:\/\/solucionesefectivasgt.com\/index.php?rest_route=%2Fwp%2Fv2%2Fproduct_cat&post=2760"},{"taxonomy":"product_tag","embeddable":true,"href":"https:\/\/solucionesefectivasgt.com\/index.php?rest_route=%2Fwp%2Fv2%2Fproduct_tag&post=2760"}],"curies":[{"name":"wp","href":"https:\/\/api.w.org\/{rel}","templated":true}]}}