{"id":2725,"date":"2024-01-09T17:01:41","date_gmt":"2024-01-09T23:01:41","guid":{"rendered":"https:\/\/solucionesefectivasgt.com\/?post_type=product&#038;p=2725"},"modified":"2026-05-06T16:22:05","modified_gmt":"2026-05-06T22:22:05","slug":"virex-ii-256-one-step-disinfectant-cleaner-and-deodorant","status":"publish","type":"product","link":"https:\/\/solucionesefectivasgt.com\/?product=virex-ii-256-one-step-disinfectant-cleaner-and-deodorant","title":{"rendered":"DIVERSEY, Virex\u00ae II 256 One-Step Disinfectant Cleaner and Deodorant"},"content":{"rendered":"<p><strong>Limpiador desinfectante y desodorante de un solo paso<\/strong><\/p>\n<p><strong>Limpiador desinfectante y desodorante cuaternario de un solo paso, para limpiar y desinfectar superficies duras.<\/strong><\/p>\n<p><strong>Caracter\u00edsticas y Beneficios<\/strong><\/p>\n<p>\u2022 Mata microorganismos, como VIH-1, VRE, MRSA, GRSA, MRSE, VISA, PRSP, Herpes Simplex tipos 1 y 2, Influenza tipo A2, Adenovirus, Rotavirus y muchos m\u00e1s<\/p>\n<p>\u2022 Mata los organismos que causan olores y funciona como atacante de olores para eliminar los olores no asociados con las bacterias<\/p>\n<p>\u2022 Su f\u00f3rmula cuaternaria altamente concentrada proporciona una excelente y econ\u00f3mica limpieza y desinfecci\u00f3n en un solo paso<\/p>\n<p><strong>Aplicaciones<\/strong><\/p>\n<p>\u2022 Utilizado en centros institucionales m\u00e9dicos y generales<\/p>\n<p>\u2022 La soluci\u00f3n de uso es neutra para el acabado de los pisos, por lo que no los opacar\u00e1, picar\u00e1 ni ablandar\u00e1<\/p>\n<p>&nbsp;<\/p>\n<p><a href=\"https:\/\/solucionesefectivasgt.com\/wp-content\/uploads\/2024\/01\/VIREX-II-256-HOJA-DE-SEGURIDAD.pdf\"><em><strong>HOJA DE SEGURIDAD<\/strong><\/em><\/a><\/p>\n<p>&nbsp;<\/p>\n<p>&nbsp;<\/p>\n<p>&nbsp;<\/p>\n<p>&nbsp;<\/p>\n","protected":false},"excerpt":{"rendered":"<p><strong>Limpiador desinfectante y desodorante de un solo paso<\/strong><\/p>\n<p>Presentacion: 5 ltrs (concentrado)<\/p>\n<p>Rendimiento: 340 Galones listos para usar<\/p>\n<p>Costo por Galon:\u00a0 Q 2.87<\/p>\n","protected":false},"featured_media":2727,"comment_status":"closed","ping_status":"closed","template":"","meta":[],"product_cat":[86,29,19],"product_tag":[55,64,52,62,61],"class_list":{"0":"post-2725","1":"product","2":"type-product","3":"status-publish","4":"has-post-thumbnail","6":"product_cat-diversey","7":"product_cat-desinfectantes","8":"product_cat-sanitizantes","9":"product_tag-centros-de-salud-2","10":"product_tag-clinicas","11":"product_tag-educacion-2","12":"product_tag-hoteles","13":"product_tag-restaurantes","15":"first","16":"instock","17":"shipping-taxable","18":"purchasable","19":"product-type-simple"},"_links":{"self":[{"href":"https:\/\/solucionesefectivasgt.com\/index.php?rest_route=\/wp\/v2\/product\/2725","targetHints":{"allow":["GET"]}}],"collection":[{"href":"https:\/\/solucionesefectivasgt.com\/index.php?rest_route=\/wp\/v2\/product"}],"about":[{"href":"https:\/\/solucionesefectivasgt.com\/index.php?rest_route=\/wp\/v2\/types\/product"}],"replies":[{"embeddable":true,"href":"https:\/\/solucionesefectivasgt.com\/index.php?rest_route=%2Fwp%2Fv2%2Fcomments&post=2725"}],"wp:featuredmedia":[{"embeddable":true,"href":"https:\/\/solucionesefectivasgt.com\/index.php?rest_route=\/wp\/v2\/media\/2727"}],"wp:attachment":[{"href":"https:\/\/solucionesefectivasgt.com\/index.php?rest_route=%2Fwp%2Fv2%2Fmedia&parent=2725"}],"wp:term":[{"taxonomy":"product_cat","embeddable":true,"href":"https:\/\/solucionesefectivasgt.com\/index.php?rest_route=%2Fwp%2Fv2%2Fproduct_cat&post=2725"},{"taxonomy":"product_tag","embeddable":true,"href":"https:\/\/solucionesefectivasgt.com\/index.php?rest_route=%2Fwp%2Fv2%2Fproduct_tag&post=2725"}],"curies":[{"name":"wp","href":"https:\/\/api.w.org\/{rel}","templated":true}]}}