{"id":2724,"date":"2024-01-09T17:00:48","date_gmt":"2024-01-09T23:00:48","guid":{"rendered":"https:\/\/solucionesefectivasgt.com\/?post_type=product&#038;p=2724"},"modified":"2026-05-06T16:21:13","modified_gmt":"2026-05-06T22:21:13","slug":"stride-citrus-neutral-cleaner","status":"publish","type":"product","link":"https:\/\/solucionesefectivasgt.com\/?product=stride-citrus-neutral-cleaner","title":{"rendered":"DIVERSEY, Stride\u00ae Citrus Neutral Cleaner"},"content":{"rendered":"<p><strong>Limpiador neutro<\/strong><\/p>\n<p><em><strong>Limpiador neutro Stride\u00ae de f\u00f3rmula no alcalina para la limpieza diaria de pisos y otras superficies duras.<\/strong><\/em><\/p>\n<p>&nbsp;<\/p>\n<p><strong>Caracter\u00edsticas y Beneficios<\/strong><\/p>\n<p>\u2022 Las f\u00f3rmulas concentradas generan un rendimiento de limpieza econ\u00f3mico<\/p>\n<p>\u2022 La f\u00f3rmula de baja espuma requiere menos vaciado de los tanques de recuperaci\u00f3n e incrementa la productividad<\/p>\n<p>\u2022 F\u00f3rmula de pH neutro que no requiere enjuague y se seca sin dejar pel\u00edcula<\/p>\n<p>\u2022 La mayor\u00eda de los SKU cumple con la norma Green Seal\u00ae GS 37 y la certificaci\u00f3n de calidad para aire de interiores GreenGuard\u00ae<\/p>\n<p><strong>Aplicaciones<\/strong><\/p>\n<p>\u2022 Para usar como limpiador diario y general<\/p>\n<p>\u2022 F\u00f3rmula vers\u00e1til que se desempe\u00f1a en una variedad de m\u00e9todos de aplicaci\u00f3n tales como m\u00e1quina fregadora, rociado y limpiado, y trapeador y cubeta<\/p>\n<p><strong>Certificaciones<\/strong><\/p>\n<p>Green Seal\u00ae, GREENGUARD, Kosher, Halal, LONO, NSF<\/p>\n<h1><strong>*Cumple con la norma GS-37 de Green Seal.<\/strong><\/h1>\n<p><a href=\"https:\/\/solucionesefectivasgt.com\/wp-content\/uploads\/2024\/01\/STRIDE-HOJA-DE-SEGURIDAD.pdf\"><em><strong>HOJA DE SEGURIDAD<\/strong><\/em><\/a><\/p>\n<p>&nbsp;<\/p>\n<p>&nbsp;<\/p>\n","protected":false},"excerpt":{"rendered":"<p>Stride: Limpiador de pisos y superficies<\/p>\n<p>Presentacion: 5 Ltrs Producto concentrado<\/p>\n<p>Rendimiento: 340 galones<\/p>\n<p>Costo de galon listo para usar: Q 3.38<\/p>\n","protected":false},"featured_media":2730,"comment_status":"closed","ping_status":"closed","template":"","meta":[],"product_cat":[86,31],"product_tag":[52,62,61,77],"class_list":{"0":"post-2724","1":"product","2":"type-product","3":"status-publish","4":"has-post-thumbnail","6":"product_cat-diversey","7":"product_cat-multipropositos","8":"product_tag-educacion-2","9":"product_tag-hoteles","10":"product_tag-restaurantes","11":"product_tag-spas","13":"first","14":"instock","15":"shipping-taxable","16":"purchasable","17":"product-type-simple"},"_links":{"self":[{"href":"https:\/\/solucionesefectivasgt.com\/index.php?rest_route=\/wp\/v2\/product\/2724","targetHints":{"allow":["GET"]}}],"collection":[{"href":"https:\/\/solucionesefectivasgt.com\/index.php?rest_route=\/wp\/v2\/product"}],"about":[{"href":"https:\/\/solucionesefectivasgt.com\/index.php?rest_route=\/wp\/v2\/types\/product"}],"replies":[{"embeddable":true,"href":"https:\/\/solucionesefectivasgt.com\/index.php?rest_route=%2Fwp%2Fv2%2Fcomments&post=2724"}],"wp:featuredmedia":[{"embeddable":true,"href":"https:\/\/solucionesefectivasgt.com\/index.php?rest_route=\/wp\/v2\/media\/2730"}],"wp:attachment":[{"href":"https:\/\/solucionesefectivasgt.com\/index.php?rest_route=%2Fwp%2Fv2%2Fmedia&parent=2724"}],"wp:term":[{"taxonomy":"product_cat","embeddable":true,"href":"https:\/\/solucionesefectivasgt.com\/index.php?rest_route=%2Fwp%2Fv2%2Fproduct_cat&post=2724"},{"taxonomy":"product_tag","embeddable":true,"href":"https:\/\/solucionesefectivasgt.com\/index.php?rest_route=%2Fwp%2Fv2%2Fproduct_tag&post=2724"}],"curies":[{"name":"wp","href":"https:\/\/api.w.org\/{rel}","templated":true}]}}