{"id":2601,"date":"2023-09-19T09:33:19","date_gmt":"2023-09-19T15:33:19","guid":{"rendered":"https:\/\/solucionesefectivasgt.com\/?post_type=product&#038;p=2601"},"modified":"2023-09-19T12:54:38","modified_gmt":"2023-09-19T18:54:38","slug":"tork-toalla-de-manos-de-fluido-centrico-reflex","status":"publish","type":"product","link":"https:\/\/solucionesefectivasgt.com\/?product=tork-toalla-de-manos-de-fluido-centrico-reflex","title":{"rendered":"TORK, TOALLA DE MANOS DE FLUIDO CENTRICO REFLEX"},"content":{"rendered":"<div class=\"ng-star-inserted\">Tork Toallas de mano suaves Advanced de fluido c\u00e9ntrico ofrecen servicio individual y reducen el desperdicio. Soluci\u00f3n vers\u00e1til de gran capacidad para entornos profesionales en los que es necesario el secado de manos y superficies. Es ideal para muchos entornos como <strong>talleres y cocinas<\/strong>.<\/div>\n<ul class=\"pt-2\">\n<li class=\"ng-star-inserted\">Higi\u00e9nico<\/li>\n<li class=\"ng-star-inserted\">La alta calidad y alta absorci\u00f3n implican menos toallas usadas y una mejor experiencia para el cliente.<\/li>\n<li>850 hojas dobles por rollo<\/li>\n<li>largo de la hoja 21cms<\/li>\n<li>Se adapta al dispensador portatil reflex<\/li>\n<\/ul>\n","protected":false},"excerpt":{"rendered":"<p>Reflex, Toalla de manos de fluido centrico<\/p>\n","protected":false},"featured_media":2708,"comment_status":"closed","ping_status":"closed","template":"","meta":[],"product_cat":[83,15],"product_tag":[64,62,61],"class_list":{"0":"post-2601","1":"product","2":"type-product","3":"status-publish","4":"has-post-thumbnail","6":"product_cat-tork","7":"product_cat-toallas","8":"product_tag-clinicas","9":"product_tag-hoteles","10":"product_tag-restaurantes","12":"first","13":"instock","14":"shipping-taxable","15":"purchasable","16":"product-type-simple"},"_links":{"self":[{"href":"https:\/\/solucionesefectivasgt.com\/index.php?rest_route=\/wp\/v2\/product\/2601","targetHints":{"allow":["GET"]}}],"collection":[{"href":"https:\/\/solucionesefectivasgt.com\/index.php?rest_route=\/wp\/v2\/product"}],"about":[{"href":"https:\/\/solucionesefectivasgt.com\/index.php?rest_route=\/wp\/v2\/types\/product"}],"replies":[{"embeddable":true,"href":"https:\/\/solucionesefectivasgt.com\/index.php?rest_route=%2Fwp%2Fv2%2Fcomments&post=2601"}],"wp:featuredmedia":[{"embeddable":true,"href":"https:\/\/solucionesefectivasgt.com\/index.php?rest_route=\/wp\/v2\/media\/2708"}],"wp:attachment":[{"href":"https:\/\/solucionesefectivasgt.com\/index.php?rest_route=%2Fwp%2Fv2%2Fmedia&parent=2601"}],"wp:term":[{"taxonomy":"product_cat","embeddable":true,"href":"https:\/\/solucionesefectivasgt.com\/index.php?rest_route=%2Fwp%2Fv2%2Fproduct_cat&post=2601"},{"taxonomy":"product_tag","embeddable":true,"href":"https:\/\/solucionesefectivasgt.com\/index.php?rest_route=%2Fwp%2Fv2%2Fproduct_tag&post=2601"}],"curies":[{"name":"wp","href":"https:\/\/api.w.org\/{rel}","templated":true}]}}