{"id":2596,"date":"2023-03-18T14:33:36","date_gmt":"2023-03-18T20:33:36","guid":{"rendered":"https:\/\/solucionesefectivasgt.com\/?post_type=product&#038;p=2596"},"modified":"2023-08-04T11:23:08","modified_gmt":"2023-08-04T17:23:08","slug":"purell-jabon-en-espuma-2000ml-fmx-con-aroma","status":"publish","type":"product","link":"https:\/\/solucionesefectivasgt.com\/?product=purell-jabon-en-espuma-2000ml-fmx-con-aroma","title":{"rendered":"PURELL, JABON EN ESPUMA 2000ML FMX-20 CON AROMA"},"content":{"rendered":"<ul>\n<li id=\"tw-target-text\" class=\"tw-data-text tw-text-large tw-ta\" dir=\"ltr\" data-placeholder=\"Traducci\u00f3n\"><span class=\"Y2IQFc\" lang=\"es\">Ayuda a eliminar la suciedad y los germenes<\/span><\/li>\n<li class=\"tw-data-text tw-text-large tw-ta\" dir=\"ltr\" data-placeholder=\"Traducci\u00f3n\"><span class=\"Y2IQFc\" lang=\"es\"> Contiene humectantes naturales. <\/span><\/li>\n<li class=\"tw-data-text tw-text-large tw-ta\" dir=\"ltr\" data-placeholder=\"Traducci\u00f3n\"><span class=\"Y2IQFc\" lang=\"es\">Nutre la piel mientras la limpia.<\/span><\/li>\n<li class=\"tw-data-text tw-text-large tw-ta\" dir=\"ltr\" data-placeholder=\"Traducci\u00f3n\"><span class=\"Y2IQFc\" lang=\"es\">Certificado ECOLOGO\u00ae seg\u00fan el nombre est\u00e1ndar UL 2784 Producto de base biol\u00f3gica certificado por USDA<\/span><\/li>\n<li class=\"tw-data-text tw-text-large tw-ta\" dir=\"ltr\" data-placeholder=\"Traducci\u00f3n\"><span class=\"Y2IQFc\" lang=\"es\">Apoya la capacidad natural de su piel para protegerse contra la suciedad y los g\u00e9rmenes.<\/span><\/li>\n<li class=\"tw-data-text tw-text-large tw-ta\" dir=\"ltr\" data-placeholder=\"Traducci\u00f3n\"><span class=\"Y2IQFc\" lang=\"es\">Sin colorantes con fragancia ligera y agradable.<\/span><\/li>\n<li class=\"tw-data-text tw-text-large tw-ta\" dir=\"ltr\" data-placeholder=\"Traducci\u00f3n\"><span class=\"Y2IQFc\" lang=\"es\">Enriquecido con humectantes Libre de ftalatos, parabenos y triclos\u00e1n Hipoalerg\u00e9nico<\/span><\/li>\n<li class=\"tw-data-text tw-text-large tw-ta\" dir=\"ltr\" data-placeholder=\"Traducci\u00f3n\"><span class=\"Y2IQFc\" lang=\"es\">El recambio de PET SANITARY SEALED&#x2122; se recicla f\u00e1cilmente<\/span><\/li>\n<\/ul>\n<p>&nbsp;<\/p>\n<p><strong><em>PRODUCTO COMPATIBLE:<a href=\"https:\/\/solucionesefectivasgt.com\/?post_type=product&amp;p=2597&amp;preview=true\"><img loading=\"lazy\" decoding=\"async\" class=\"\" src=\"https:\/\/solucionesefectivasgt.com\/wp-content\/uploads\/2023\/03\/20230318_135649_0002-150x150.png\" width=\"76\" height=\"76\" \/><\/a><\/em><\/strong><\/p>\n","protected":false},"excerpt":{"rendered":"<p>Jabon Espuma 2000ml con fragancia suave y agradable<\/p>\n","protected":false},"featured_media":2593,"comment_status":"closed","ping_status":"closed","template":"","meta":[],"product_cat":[82,33,18],"product_tag":[53,52,62,61,77],"class_list":{"0":"post-2596","1":"product","2":"type-product","3":"status-publish","4":"has-post-thumbnail","6":"product_cat-purell","7":"product_cat-hotel-amenities","8":"product_cat-jabones","9":"product_tag-centros-de-eventos","10":"product_tag-educacion-2","11":"product_tag-hoteles","12":"product_tag-restaurantes","13":"product_tag-spas","15":"first","16":"instock","17":"sale","18":"shipping-taxable","19":"purchasable","20":"product-type-simple"},"_links":{"self":[{"href":"https:\/\/solucionesefectivasgt.com\/index.php?rest_route=\/wp\/v2\/product\/2596","targetHints":{"allow":["GET"]}}],"collection":[{"href":"https:\/\/solucionesefectivasgt.com\/index.php?rest_route=\/wp\/v2\/product"}],"about":[{"href":"https:\/\/solucionesefectivasgt.com\/index.php?rest_route=\/wp\/v2\/types\/product"}],"replies":[{"embeddable":true,"href":"https:\/\/solucionesefectivasgt.com\/index.php?rest_route=%2Fwp%2Fv2%2Fcomments&post=2596"}],"wp:featuredmedia":[{"embeddable":true,"href":"https:\/\/solucionesefectivasgt.com\/index.php?rest_route=\/wp\/v2\/media\/2593"}],"wp:attachment":[{"href":"https:\/\/solucionesefectivasgt.com\/index.php?rest_route=%2Fwp%2Fv2%2Fmedia&parent=2596"}],"wp:term":[{"taxonomy":"product_cat","embeddable":true,"href":"https:\/\/solucionesefectivasgt.com\/index.php?rest_route=%2Fwp%2Fv2%2Fproduct_cat&post=2596"},{"taxonomy":"product_tag","embeddable":true,"href":"https:\/\/solucionesefectivasgt.com\/index.php?rest_route=%2Fwp%2Fv2%2Fproduct_tag&post=2596"}],"curies":[{"name":"wp","href":"https:\/\/api.w.org\/{rel}","templated":true}]}}