{"id":2509,"date":"2022-08-09T10:58:10","date_gmt":"2022-08-09T16:58:10","guid":{"rendered":"https:\/\/solucionesefectivasgt.com\/?post_type=product&#038;p=2509"},"modified":"2024-09-30T09:34:24","modified_gmt":"2024-09-30T15:34:24","slug":"purell-sanitizante-en-gel-sistema-es4","status":"publish","type":"product","link":"https:\/\/solucionesefectivasgt.com\/?product=purell-sanitizante-en-gel-sistema-es4","title":{"rendered":"PURELL, SANITIZANTE EN GEL SISTEMA ES4"},"content":{"rendered":"<ul class=\"bullets mt-4\">\n<li><strong>Recarga para despachador manual de sanitizante Purell.<\/strong> Formulaci\u00f3n avanzada de gel desinfectante de manos dise\u00f1ada para entornos sanitarios.\n<p><strong>1200 mL Refill for PURELL\u00ae ES4 Push-Style Hand Sanitizer Dispensers<\/strong><\/p>\n<p><strong>VENTAJAS:<\/strong><\/p>\n<ul>\n<li>Mata m\u00e1s del 99.99% de los g\u00e9rmenes m\u00e1s comunes que pueden causar enfermedades en un entorno de atenci\u00f3n m\u00e9dica, incluyendo MRSA y VRE.<\/li>\n<li>Supera los requisitos de lavado de manos del personal de atenci\u00f3n m\u00e9dica de la FDA con solo 1.1 mililitros de producto.<\/li>\n<li>Supera a otros desinfectantes para manos onza por onza.<\/li>\n<li>Mejorado con una mezcla nutritiva de cuatro acondicionadores para la piel, cl\u00ednicamente probados para mantener la salud de la piel.<\/li>\n<li>PURELL es la marca n\u00famero 1 de desinfectante de manos en hospitales.<\/li>\n<li>Libre de fragancia.<\/li>\n<li>Formulaci\u00f3n compatible con gluconato de clorhexidina (CHG).<\/li>\n<li>Compatible con guantes de nitrilo, vinilo y l\u00e1tex.<\/li>\n<li>Hipoalerg\u00e9nico y dermatol\u00f3gicamente comprobado.<\/li>\n<li>Recargas AT-A-GLANCE&#x2122;: controla el nivel del producto con un solo vistazo.<\/li>\n<li>Las recargas SANITARY SEALED&#x2122; PET se reciclan f\u00e1cilmente.<\/li>\n<\/ul>\n<\/li>\n<\/ul>\n<p>PRODUCTO COMPATIBLE:<\/p>\n<p><a href=\"https:\/\/solucionesefectivasgt.com\/?product=purell-dispensador-manual-para-sistema-es4\"><img loading=\"lazy\" decoding=\"async\" class=\"\" src=\"https:\/\/solucionesefectivasgt.com\/wp-content\/uploads\/2022\/08\/purell-es4-dispensador-de-alcohol-150x150.png\" width=\"76\" height=\"76\" \/><\/a><\/p>\n<p>&nbsp;<\/p>\n","protected":false},"excerpt":{"rendered":"<p>GEL ANTIBACTERIAL SISTEMA ES4<\/p>\n<p>CARTUCHO: 1200 ml<\/p>\n","protected":false},"featured_media":2497,"comment_status":"closed","ping_status":"closed","template":"","meta":[],"product_cat":[82,19],"product_tag":[53,55,64,52,62,63,61,77],"class_list":{"0":"post-2509","1":"product","2":"type-product","3":"status-publish","4":"has-post-thumbnail","6":"product_cat-purell","7":"product_cat-sanitizantes","8":"product_tag-centros-de-eventos","9":"product_tag-centros-de-salud-2","10":"product_tag-clinicas","11":"product_tag-educacion-2","12":"product_tag-hoteles","13":"product_tag-oficinas","14":"product_tag-restaurantes","15":"product_tag-spas","17":"first","18":"instock","19":"shipping-taxable","20":"purchasable","21":"product-type-simple"},"_links":{"self":[{"href":"https:\/\/solucionesefectivasgt.com\/index.php?rest_route=\/wp\/v2\/product\/2509","targetHints":{"allow":["GET"]}}],"collection":[{"href":"https:\/\/solucionesefectivasgt.com\/index.php?rest_route=\/wp\/v2\/product"}],"about":[{"href":"https:\/\/solucionesefectivasgt.com\/index.php?rest_route=\/wp\/v2\/types\/product"}],"replies":[{"embeddable":true,"href":"https:\/\/solucionesefectivasgt.com\/index.php?rest_route=%2Fwp%2Fv2%2Fcomments&post=2509"}],"wp:featuredmedia":[{"embeddable":true,"href":"https:\/\/solucionesefectivasgt.com\/index.php?rest_route=\/wp\/v2\/media\/2497"}],"wp:attachment":[{"href":"https:\/\/solucionesefectivasgt.com\/index.php?rest_route=%2Fwp%2Fv2%2Fmedia&parent=2509"}],"wp:term":[{"taxonomy":"product_cat","embeddable":true,"href":"https:\/\/solucionesefectivasgt.com\/index.php?rest_route=%2Fwp%2Fv2%2Fproduct_cat&post=2509"},{"taxonomy":"product_tag","embeddable":true,"href":"https:\/\/solucionesefectivasgt.com\/index.php?rest_route=%2Fwp%2Fv2%2Fproduct_tag&post=2509"}],"curies":[{"name":"wp","href":"https:\/\/api.w.org\/{rel}","templated":true}]}}