{"id":2423,"date":"2022-02-22T18:35:08","date_gmt":"2022-02-23T00:35:08","guid":{"rendered":"https:\/\/solucionesefectivasgt.com\/?post_type=product&#038;p=2423"},"modified":"2025-07-29T14:52:41","modified_gmt":"2025-07-29T20:52:41","slug":"tork-smartone-dispensador-de-papel-higienico-fluido-centrico","status":"publish","type":"product","link":"https:\/\/solucionesefectivasgt.com\/?product=tork-smartone-dispensador-de-papel-higienico-fluido-centrico","title":{"rendered":"Tork SmartOne Maxi, Dispensador de papel higienico Fluido Centrico"},"content":{"rendered":"<p>El dispensador de papel higi\u00e9nico Tork SmartOne\u00ae de la l\u00ednea Elevation es un sistema de dispensaci\u00f3n moderno y eficaz, adecuado para aseos exigentes con mucho tr\u00e1nsito. La dispensaci\u00f3n hoja a hoja ayuda a reducir el consumo hasta en un 40 % en comparaci\u00f3n con dispensadores tradicionales de rollos jumbo, aumentando as\u00ed el n\u00famero de usos por rollo. Los dispensadores de la l\u00ednea Tork Elevation tienen un dise\u00f1o moderno y funcional que causar\u00e1 buena impresi\u00f3n a sus clientes.<\/p>\n<ul>\n<li>Dise\u00f1o resistente con cierre para proteger el rollo y evitar los robos en entornos exigentes.<\/li>\n<li>La dispensaci\u00f3n individual reduce el consumo hasta en un 40 %.<\/li>\n<li>Alta capacidad: menos mantenimiento y menos riesgo de que se agote el papel.<\/li>\n<li>Higi\u00e9nicos: solo se toca la hoja que se utiliza.<\/li>\n<\/ul>\n<p>&nbsp;<\/p>\n<p><strong>PRODUCTO COMPATIBLE:<\/strong><\/p>\n<p><a href=\"https:\/\/solucionesefectivasgt.com\/?product=tork-smartone-maxi-papel-higienico-fluido-centrico\"><img loading=\"lazy\" decoding=\"async\" class=\"\" src=\"https:\/\/solucionesefectivasgt.com\/wp-content\/uploads\/2022\/02\/PAPELHIGIENICOSMARTONEMAXI-150x150.png\" width=\"77\" height=\"77\" \/><\/a><\/p>\n","protected":false},"excerpt":{"rendered":"<p>Dispensador de papel higienicio smartone maxi<\/p>\n","protected":false},"featured_media":2420,"comment_status":"closed","ping_status":"closed","template":"","meta":[],"product_cat":[83,21],"product_tag":[53,52,61],"class_list":{"0":"post-2423","1":"product","2":"type-product","3":"status-publish","4":"has-post-thumbnail","6":"product_cat-tork","7":"product_cat-dispensadores-de-papel-higienico","8":"product_tag-centros-de-eventos","9":"product_tag-educacion-2","10":"product_tag-restaurantes","12":"first","13":"instock","14":"shipping-taxable","15":"purchasable","16":"product-type-simple"},"_links":{"self":[{"href":"https:\/\/solucionesefectivasgt.com\/index.php?rest_route=\/wp\/v2\/product\/2423","targetHints":{"allow":["GET"]}}],"collection":[{"href":"https:\/\/solucionesefectivasgt.com\/index.php?rest_route=\/wp\/v2\/product"}],"about":[{"href":"https:\/\/solucionesefectivasgt.com\/index.php?rest_route=\/wp\/v2\/types\/product"}],"replies":[{"embeddable":true,"href":"https:\/\/solucionesefectivasgt.com\/index.php?rest_route=%2Fwp%2Fv2%2Fcomments&post=2423"}],"wp:featuredmedia":[{"embeddable":true,"href":"https:\/\/solucionesefectivasgt.com\/index.php?rest_route=\/wp\/v2\/media\/2420"}],"wp:attachment":[{"href":"https:\/\/solucionesefectivasgt.com\/index.php?rest_route=%2Fwp%2Fv2%2Fmedia&parent=2423"}],"wp:term":[{"taxonomy":"product_cat","embeddable":true,"href":"https:\/\/solucionesefectivasgt.com\/index.php?rest_route=%2Fwp%2Fv2%2Fproduct_cat&post=2423"},{"taxonomy":"product_tag","embeddable":true,"href":"https:\/\/solucionesefectivasgt.com\/index.php?rest_route=%2Fwp%2Fv2%2Fproduct_tag&post=2423"}],"curies":[{"name":"wp","href":"https:\/\/api.w.org\/{rel}","templated":true}]}}