{"id":2422,"date":"2022-02-22T18:28:48","date_gmt":"2022-02-23T00:28:48","guid":{"rendered":"https:\/\/solucionesefectivasgt.com\/?post_type=product&#038;p=2422"},"modified":"2025-11-04T13:30:25","modified_gmt":"2025-11-04T19:30:25","slug":"tork-smartone-maxi-papel-higienico-fluido-centrico","status":"publish","type":"product","link":"https:\/\/solucionesefectivasgt.com\/?product=tork-smartone-maxi-papel-higienico-fluido-centrico","title":{"rendered":"Tork SmartOne\u00ae Maxi papel higienico Fluido Centrico"},"content":{"rendered":"<div class=\"ng-star-inserted\">El sistema de papel higienico precortado Tork SmartOne\u00ae patentado ayuda a reducir el consumo de papel hasta en un 40% (en comparaci\u00f3n con los sistemas est\u00e1ndar) gracias a la dispensaci\u00f3n de hoja individual. Tork SmartOne\u00ae es ideal para ba\u00f1os de alto tr\u00e1fico gracias a su gran capacidad, cada rollo atiende a m\u00e1s visitas y se necesitan menos reemplazos.<\/div>\n<ul class=\"pt-2\">\n<li class=\"ng-star-inserted\">Dispensaci\u00f3n individual que reduce el consumo y aumenta el nivel de higiene<\/li>\n<li class=\"ng-star-inserted\">Toalla suave brillante para una impresi\u00f3n duradera<\/li>\n<li>Toca \u00fanicamente la toalla que va a utilizar, evitando contaminaci\u00f3n al rollo.<\/li>\n<\/ul>\n<div class=\"col-6 col-md-4 pl-1 mb-3 ng-star-inserted\"><\/div>\n<div class=\"col-6 col-md-4 pl-1 mb-3 ng-star-inserted\"><strong>Rollos por caja<\/strong><\/div>\n<div><\/div>\n<div>6<\/div>\n<div><\/div>\n<div class=\"col-6 col-md-4 pl-1 mb-3 ng-star-inserted\">\n<div><strong>Numero de servicios<\/strong><\/div>\n<p>1250<\/p>\n<\/div>\n<div class=\"col-6 col-md-4 pl-1 mb-3 ng-star-inserted\">\n<div><strong>Longitud de la hoja<\/strong><\/div>\n<p>18 cm<\/p>\n<\/div>\n<div class=\"col-6 col-md-4 pl-1 mb-3 ng-star-inserted\">\n<div><strong>Hojas<\/strong><\/div>\n<p>2<\/p>\n<\/div>\n<div class=\"col-6 col-md-4 pl-1 mb-3 ng-star-inserted\">\n<div><strong>Gofrado<\/strong><\/div>\n<\/div>\n<div class=\"col-6 col-md-4 pl-1 mb-3 ng-star-inserted\">\n<div><strong>Color<\/strong><\/div>\n<p>Blanco<\/p>\n<\/div>\n<div><\/div>\n<div><strong>PRODUCTO COMPATIBLE:<\/strong><\/div>\n<div><\/div>\n<div><a href=\"https:\/\/solucionesefectivasgt.com\/?product=tork-smartone-dispensador-de-papel-higienico-fluido-centrico\"><img loading=\"lazy\" decoding=\"async\" class=\"\" src=\"https:\/\/solucionesefectivasgt.com\/wp-content\/uploads\/2022\/02\/DISPENSADORSMARTONEMAXI-150x150.png\" width=\"75\" height=\"75\" \/><\/a><\/div>\n<div><\/div>\n","protected":false},"excerpt":{"rendered":"<p>Papel Higienicio de fluido centrico<\/p>\n<p>6&#215;1250 hojas dobles<\/p>\n","protected":false},"featured_media":2900,"comment_status":"closed","ping_status":"closed","template":"","meta":[],"product_cat":[83,16],"product_tag":[53,52,61],"class_list":{"0":"post-2422","1":"product","2":"type-product","3":"status-publish","4":"has-post-thumbnail","6":"product_cat-tork","7":"product_cat-papel-higienico","8":"product_tag-centros-de-eventos","9":"product_tag-educacion-2","10":"product_tag-restaurantes","12":"first","13":"instock","14":"shipping-taxable","15":"purchasable","16":"product-type-simple"},"_links":{"self":[{"href":"https:\/\/solucionesefectivasgt.com\/index.php?rest_route=\/wp\/v2\/product\/2422","targetHints":{"allow":["GET"]}}],"collection":[{"href":"https:\/\/solucionesefectivasgt.com\/index.php?rest_route=\/wp\/v2\/product"}],"about":[{"href":"https:\/\/solucionesefectivasgt.com\/index.php?rest_route=\/wp\/v2\/types\/product"}],"replies":[{"embeddable":true,"href":"https:\/\/solucionesefectivasgt.com\/index.php?rest_route=%2Fwp%2Fv2%2Fcomments&post=2422"}],"wp:featuredmedia":[{"embeddable":true,"href":"https:\/\/solucionesefectivasgt.com\/index.php?rest_route=\/wp\/v2\/media\/2900"}],"wp:attachment":[{"href":"https:\/\/solucionesefectivasgt.com\/index.php?rest_route=%2Fwp%2Fv2%2Fmedia&parent=2422"}],"wp:term":[{"taxonomy":"product_cat","embeddable":true,"href":"https:\/\/solucionesefectivasgt.com\/index.php?rest_route=%2Fwp%2Fv2%2Fproduct_cat&post=2422"},{"taxonomy":"product_tag","embeddable":true,"href":"https:\/\/solucionesefectivasgt.com\/index.php?rest_route=%2Fwp%2Fv2%2Fproduct_tag&post=2422"}],"curies":[{"name":"wp","href":"https:\/\/api.w.org\/{rel}","templated":true}]}}