{"id":2409,"date":"2022-02-17T19:52:58","date_gmt":"2022-02-18T01:52:58","guid":{"rendered":"https:\/\/solucionesefectivasgt.com\/?post_type=product&#038;p=2409"},"modified":"2024-09-27T13:42:01","modified_gmt":"2024-09-27T19:42:01","slug":"pacific-blue-toalla-interfoliada-premium","status":"publish","type":"product","link":"https:\/\/solucionesefectivasgt.com\/?product=pacific-blue-toalla-interfoliada-premium","title":{"rendered":"PACIFIC BLUE, TOALLA INTERFOLIADA PREMIUM"},"content":{"rendered":"<p>Las toallas de papel interfoliadas premium de 1 capa Pacific Blue Select&#x2122; est\u00e1n dise\u00f1adas para adaptarse a una amplia gama de dispensadores de toallas de papel plegadas. Ideales para instalaciones tales como cl\u00ednicas, oficinas, colegios y restaurantes.<\/p>\n<p><img loading=\"lazy\" decoding=\"async\" class=\"\" src=\"https:\/\/d3f8e2yx8gxglk.cloudfront.net\/adaptivemedia\/rendition?id=e98f687312478b5fd780536f92f2b0b6fbd00201\" alt=\"ELEMENTOS\" width=\"75\" height=\"75\" \/><img loading=\"lazy\" decoding=\"async\" class=\"\" src=\"https:\/\/d3f8e2yx8gxglk.cloudfront.net\/adaptivemedia\/rendition?id=377f525f6dccc5d4cba90e3ed799d682d1feee1b\" alt=\"SFI\" width=\"76\" height=\"42\" \/><img loading=\"lazy\" decoding=\"async\" class=\"\" src=\"https:\/\/d3f8e2yx8gxglk.cloudfront.net\/adaptivemedia\/rendition?id=e2179a9e91d21c610491c60a1310d61955a8eaef\" alt=\"EPA\" width=\"75\" height=\"75\" \/><img loading=\"lazy\" decoding=\"async\" class=\"\" src=\"https:\/\/d3f8e2yx8gxglk.cloudfront.net\/adaptivemedia\/rendition?id=b58664ccfbaa03f40d971bd827965ebbf74acc9f\" alt=\"USGBC_LEED\" width=\"75\" height=\"75\" \/><\/p>\n<ul class=\"product-details-tab__toprightcontent px-xs-3 py-xs-1\">\n<li>El relieve \u00daNICO mejora la apariencia y la sensaci\u00f3n al tacto.<\/li>\n<li>El dise\u00f1o FUERTE de 1 capa proporciona suavidad, resistencia y absorci\u00f3n para un secado de manos completo y placentero, adem\u00e1s de otras tareas.<\/li>\n<li>APILABLE para usar en una bandeja abierta, en el mostrador o cargado en un dispensador montado en la pared.<\/li>\n<li>CONTIENE al menos un 40 % de fibra reciclada posconsumo. Cumple o supera las pautas integrales de adquisiciones de la EPA.<\/li>\n<li>La etiqueta de abastecimiento certificado de Sustainable Forestry Initiative\u00ae es una prueba de que Georgia-Pacific est\u00e1 utilizando fibra de fuentes responsables y legales. SFI\u00ae es una marca registrada propiedad de Sustainable Forestry Initiative, Inc. <a href=\"http:\/\/www.sfiprogram.org\" target=\"_new\" rel=\"noopener\">www.sfiprogram.org<\/a>.<\/li>\n<\/ul>\n<p><a href=\"https:\/\/solucionesefectivasgt.com\/wp-content\/uploads\/2022\/02\/HOJA-TECNICA-INTERFOLIADA-PACIFIC-BLUE.pdf\"><em><strong>HOJA TECNICA<\/strong><\/em><\/a><\/p>\n","protected":false},"excerpt":{"rendered":"<div class=\"row mb-xs-2\">\n<div class=\"col-md-12 col-sm-12\">\n<div class=\"col-md-6 col-sm-6 col-xs-6 product-details-tab-specs__key\">Toalla interfoliada premium<\/div>\n<div>16 paquetes de 250 toallas = 4000 toallas<\/div>\n<div class=\"col-md-6 col-sm-6 col-xs-6 product-details-tab-specs__value\"><\/div>\n<\/div>\n<\/div>\n<div class=\"row mb-xs-2\">\n<div class=\"col-md-12 col-sm-12\">\n<div class=\"col-md-6 col-sm-6 col-xs-6 product-details-tab-specs__key\">Tama\u00f1o de la hoja L X A 9,4&#8243; x 9,2&#8243;<\/div>\n<\/div>\n<\/div>\n<div class=\"row mb-xs-2\">\n<div class=\"col-md-12 col-sm-12\">\n<div class=\"col-md-6 col-sm-6 col-xs-6 product-details-tab-specs__key\">CM Cuadrados (Por Hoja) 557.934<\/div>\n<\/div>\n<\/div>\n<div class=\"row mb-xs-2\">\n<div class=\"col-md-12 col-sm-12\">\n<div class=\"col-md-6 col-sm-6 col-xs-6 product-details-tab-specs__key\">Pulgadas Cuadradas (Por Hoja) 86.48<\/div>\n<\/div>\n<\/div>\n<div class=\"row mb-xs-2\">\n<div class=\"col-md-12 col-sm-12\"><\/div>\n<\/div>\n","protected":false},"featured_media":2412,"comment_status":"closed","ping_status":"closed","template":"","meta":[],"product_cat":[84,15],"product_tag":[53,55,64,52,62,63,77],"class_list":{"0":"post-2409","1":"product","2":"type-product","3":"status-publish","4":"has-post-thumbnail","6":"product_cat-georgia-pacific","7":"product_cat-toallas","8":"product_tag-centros-de-eventos","9":"product_tag-centros-de-salud-2","10":"product_tag-clinicas","11":"product_tag-educacion-2","12":"product_tag-hoteles","13":"product_tag-oficinas","14":"product_tag-spas","16":"first","17":"instock","18":"shipping-taxable","19":"purchasable","20":"product-type-simple"},"_links":{"self":[{"href":"https:\/\/solucionesefectivasgt.com\/index.php?rest_route=\/wp\/v2\/product\/2409","targetHints":{"allow":["GET"]}}],"collection":[{"href":"https:\/\/solucionesefectivasgt.com\/index.php?rest_route=\/wp\/v2\/product"}],"about":[{"href":"https:\/\/solucionesefectivasgt.com\/index.php?rest_route=\/wp\/v2\/types\/product"}],"replies":[{"embeddable":true,"href":"https:\/\/solucionesefectivasgt.com\/index.php?rest_route=%2Fwp%2Fv2%2Fcomments&post=2409"}],"wp:featuredmedia":[{"embeddable":true,"href":"https:\/\/solucionesefectivasgt.com\/index.php?rest_route=\/wp\/v2\/media\/2412"}],"wp:attachment":[{"href":"https:\/\/solucionesefectivasgt.com\/index.php?rest_route=%2Fwp%2Fv2%2Fmedia&parent=2409"}],"wp:term":[{"taxonomy":"product_cat","embeddable":true,"href":"https:\/\/solucionesefectivasgt.com\/index.php?rest_route=%2Fwp%2Fv2%2Fproduct_cat&post=2409"},{"taxonomy":"product_tag","embeddable":true,"href":"https:\/\/solucionesefectivasgt.com\/index.php?rest_route=%2Fwp%2Fv2%2Fproduct_tag&post=2409"}],"curies":[{"name":"wp","href":"https:\/\/api.w.org\/{rel}","templated":true}]}}