{"id":2400,"date":"2022-02-16T18:34:01","date_gmt":"2022-02-17T00:34:01","guid":{"rendered":"https:\/\/solucionesefectivasgt.com\/?post_type=product&#038;p=2400"},"modified":"2024-09-27T13:35:03","modified_gmt":"2024-09-27T19:35:03","slug":"pacific-blue-toalla-en-rollo","status":"publish","type":"product","link":"https:\/\/solucionesefectivasgt.com\/?product=pacific-blue-toalla-en-rollo","title":{"rendered":"PACIFIC BLUE, TOALLA EN ROLLO 350 mts"},"content":{"rendered":"<p>Los rollos de toallas de papel reciclado de alta capacidad Pacific Blue Ultra&#x2122; de 8 brindan 350 mts por rollo y la flexibilidad para adaptarse a los dispensadores de toallas Pacific Blue Ultra&#x2122; automatizados (de sensor) y mec\u00e1nicos (manuales de precorte). Nuestras toallas est\u00e1n dise\u00f1adas para un mantenimiento m\u00ednimo, mayor eficiencia y mayor satisfacci\u00f3n del cliente.<\/p>\n<p><img loading=\"lazy\" decoding=\"async\" class=\"\" src=\"https:\/\/d3f8e2yx8gxglk.cloudfront.net\/adaptivemedia\/rendition?id=b58664ccfbaa03f40d971bd827965ebbf74acc9f\" alt=\"USGBC_LEED\" width=\"120\" height=\"120\" \/><img loading=\"lazy\" decoding=\"async\" class=\"\" src=\"https:\/\/d3f8e2yx8gxglk.cloudfront.net\/adaptivemedia\/rendition?id=df0eeb5de93ffbd0f259d557d553e72c5701c3b9\" alt=\"ELEMENTOS\" width=\"123\" height=\"132\" \/><img loading=\"lazy\" decoding=\"async\" class=\"\" src=\"https:\/\/d3f8e2yx8gxglk.cloudfront.net\/adaptivemedia\/rendition?id=377f525f6dccc5d4cba90e3ed799d682d1feee1b\" alt=\"SFI\" width=\"152\" height=\"84\" \/><img loading=\"lazy\" decoding=\"async\" class=\"\" src=\"https:\/\/d3f8e2yx8gxglk.cloudfront.net\/adaptivemedia\/rendition?id=e2179a9e91d21c610491c60a1310d61955a8eaef\" alt=\"EPA\" width=\"122\" height=\"122\" \/><\/p>\n<p><em><strong>PRODUCTO COMPATIBLE:<\/strong><\/em><\/p>\n<p><a href=\"https:\/\/solucionesefectivasgt.com\/?product=pacific-blue-dispensador-mecanico-para-toalla-de-papel-alta-capacidad\"><img loading=\"lazy\" decoding=\"async\" class=\"\" src=\"https:\/\/solucionesefectivasgt.com\/wp-content\/uploads\/2022\/02\/dispenadorpacificbluemecanico-150x150.png\" width=\"77\" height=\"77\" \/><\/a><\/p>\n","protected":false},"excerpt":{"rendered":"<p>Toalla de manos en rollo 350mts<\/p>\n<p>PRESENTACION:<strong> 3 UNIDADES<\/strong><\/p>\n<p>&nbsp;<\/p>\n","protected":false},"featured_media":2395,"comment_status":"closed","ping_status":"closed","template":"","meta":[],"product_cat":[84,15],"product_tag":[53,52,61],"class_list":{"0":"post-2400","1":"product","2":"type-product","3":"status-publish","4":"has-post-thumbnail","6":"product_cat-georgia-pacific","7":"product_cat-toallas","8":"product_tag-centros-de-eventos","9":"product_tag-educacion-2","10":"product_tag-restaurantes","12":"first","13":"instock","14":"shipping-taxable","15":"purchasable","16":"product-type-simple"},"_links":{"self":[{"href":"https:\/\/solucionesefectivasgt.com\/index.php?rest_route=\/wp\/v2\/product\/2400","targetHints":{"allow":["GET"]}}],"collection":[{"href":"https:\/\/solucionesefectivasgt.com\/index.php?rest_route=\/wp\/v2\/product"}],"about":[{"href":"https:\/\/solucionesefectivasgt.com\/index.php?rest_route=\/wp\/v2\/types\/product"}],"replies":[{"embeddable":true,"href":"https:\/\/solucionesefectivasgt.com\/index.php?rest_route=%2Fwp%2Fv2%2Fcomments&post=2400"}],"wp:featuredmedia":[{"embeddable":true,"href":"https:\/\/solucionesefectivasgt.com\/index.php?rest_route=\/wp\/v2\/media\/2395"}],"wp:attachment":[{"href":"https:\/\/solucionesefectivasgt.com\/index.php?rest_route=%2Fwp%2Fv2%2Fmedia&parent=2400"}],"wp:term":[{"taxonomy":"product_cat","embeddable":true,"href":"https:\/\/solucionesefectivasgt.com\/index.php?rest_route=%2Fwp%2Fv2%2Fproduct_cat&post=2400"},{"taxonomy":"product_tag","embeddable":true,"href":"https:\/\/solucionesefectivasgt.com\/index.php?rest_route=%2Fwp%2Fv2%2Fproduct_tag&post=2400"}],"curies":[{"name":"wp","href":"https:\/\/api.w.org\/{rel}","templated":true}]}}