{"id":2344,"date":"2021-11-24T21:28:56","date_gmt":"2021-11-25T03:28:56","guid":{"rendered":"https:\/\/solucionesefectivasgt.com\/?post_type=product&#038;p=2344"},"modified":"2026-04-07T11:30:46","modified_gmt":"2026-04-07T17:30:46","slug":"safegreen-hands","status":"publish","type":"product","link":"https:\/\/solucionesefectivasgt.com\/?product=safegreen-hands","title":{"rendered":"SAFEGREEN HANDS"},"content":{"rendered":"<ul>\n<li><strong>SAFEGREEN HANDS<\/strong> es un poderoso desengrasante y limpiador para manos fabricado con compuestos naturales y que no contiene solventes derivados del petr\u00f3leo. Contiene d-limoneno, un compuesto derivado de la naranja, y no tiene fragancias artificiales. Est\u00e1 mejorado con un abrasivo de origen mineral natural, muy fino y suave con las manos.\n<ul>\n<li>Poderoso desengrasante para manos.<\/li>\n<li>Contiene emolientes y humectantes.<\/li>\n<li>Con extractos c\u00edtricos naturales.<\/li>\n<li>Remueve f\u00e1cilmente y r\u00e1pidamente toda contaminaci\u00f3n y residuos.<\/li>\n<li>No reseca la piel.<\/li>\n<li>No contiene solventes t\u00f3xicos.<\/li>\n<li>Vers\u00e1til para todo tipo de trabajo.<\/li>\n<li>Excelente contra grasas, aceites y tintas.<\/li>\n<li>V\u00e1lvula de aplicaci\u00f3n f\u00e1cil.<\/li>\n<\/ul>\n<\/li>\n<\/ul>\n<p><a href=\"https:\/\/solucionesefectivasgt.com\/wp-content\/uploads\/2021\/11\/SAFEGREEN-HANDS-TECH-1.pdf\"><em><strong><span style=\"background-color: #0000ff;\">SDS<\/span><\/strong><\/em><\/a><\/p>\n","protected":false},"excerpt":{"rendered":"<p>Desengrasante y limpiador para manos<\/p>\n<p>Presentacion: Galon<\/p>\n","protected":false},"featured_media":2342,"comment_status":"closed","ping_status":"closed","template":"","meta":[],"product_cat":[27],"product_tag":[62,63],"class_list":{"0":"post-2344","1":"product","2":"type-product","3":"status-publish","4":"has-post-thumbnail","6":"product_cat-desengrasantes","7":"product_tag-hoteles","8":"product_tag-oficinas","10":"first","11":"instock","12":"shipping-taxable","13":"purchasable","14":"product-type-simple"},"_links":{"self":[{"href":"https:\/\/solucionesefectivasgt.com\/index.php?rest_route=\/wp\/v2\/product\/2344","targetHints":{"allow":["GET"]}}],"collection":[{"href":"https:\/\/solucionesefectivasgt.com\/index.php?rest_route=\/wp\/v2\/product"}],"about":[{"href":"https:\/\/solucionesefectivasgt.com\/index.php?rest_route=\/wp\/v2\/types\/product"}],"replies":[{"embeddable":true,"href":"https:\/\/solucionesefectivasgt.com\/index.php?rest_route=%2Fwp%2Fv2%2Fcomments&post=2344"}],"wp:featuredmedia":[{"embeddable":true,"href":"https:\/\/solucionesefectivasgt.com\/index.php?rest_route=\/wp\/v2\/media\/2342"}],"wp:attachment":[{"href":"https:\/\/solucionesefectivasgt.com\/index.php?rest_route=%2Fwp%2Fv2%2Fmedia&parent=2344"}],"wp:term":[{"taxonomy":"product_cat","embeddable":true,"href":"https:\/\/solucionesefectivasgt.com\/index.php?rest_route=%2Fwp%2Fv2%2Fproduct_cat&post=2344"},{"taxonomy":"product_tag","embeddable":true,"href":"https:\/\/solucionesefectivasgt.com\/index.php?rest_route=%2Fwp%2Fv2%2Fproduct_tag&post=2344"}],"curies":[{"name":"wp","href":"https:\/\/api.w.org\/{rel}","templated":true}]}}