{"id":2200,"date":"2021-09-02T15:29:31","date_gmt":"2021-09-02T21:29:31","guid":{"rendered":"https:\/\/solucionesefectivasgt.com\/?post_type=product&#038;p=2200"},"modified":"2026-04-20T09:06:41","modified_gmt":"2026-04-20T15:06:41","slug":"gojo-jabon-gel-deluxe-nxt-1000-ml","status":"publish","type":"product","link":"https:\/\/solucionesefectivasgt.com\/?product=gojo-jabon-gel-deluxe-nxt-1000-ml","title":{"rendered":"GOJO, JABON GEL DELUXE NXT 1000 ml"},"content":{"rendered":"<ul>\n<li>El lujoso jab\u00f3n loci\u00f3n sin color limpia las manos suavemente.\n<ul>\n<li>F\u00f3rmula de base biol\u00f3gica certificada por el Departamento de Agricultura de los Estados Unidos (USDA).<\/li>\n<li>Con certificaci\u00f3n EcoLogo&#x2122;.<\/li>\n<li>La recarga SANITARY SEALED&#x2122; ayuda a evitar la contaminaci\u00f3n.<\/li>\n<li>V\u00e1lvula de dispensado nueva con cada recarga.<\/li>\n<\/ul>\n<\/li>\n<\/ul>\n<p><em><strong><a href=\"https:\/\/solucionesefectivasgt.com\/wp-content\/uploads\/2022\/07\/HOJA-TECNICA-JABON-GOJO-1000ML.pdf\">SDS<\/a><\/strong><\/em><\/p>\n<p>&nbsp;<\/p>\n<p>PRODUCTO COMPATIBLE<\/p>\n<p><a href=\"https:\/\/solucionesefectivasgt.com\/?product=gojo-dispensador-manual-nxt-para-jabon-gel-de-1000-ml\"><img loading=\"lazy\" decoding=\"async\" class=\"\" src=\"https:\/\/solucionesefectivasgt.com\/wp-content\/uploads\/2026\/03\/Dispensador-de-jabon-purell-1000ml-1-150x150.png\" width=\"78\" height=\"78\" \/><\/a><\/p>\n<p>&nbsp;<\/p>\n<p>&nbsp;<\/p>\n","protected":false},"excerpt":{"rendered":"<p>El lujoso jab\u00f3n loci\u00f3n sin color limpia las manos suavemente. F\u00f3rmula de base biol\u00f3gica certificada por el Departamento de Agricultura de los Estados Unidos (USDA). Con certificaci\u00f3n EcoLogo&#x2122;. La recarga SANITARY SEALED&#x2122; ayuda a evitar la contaminaci\u00f3n. V\u00e1lvula de dispensado nueva con cada recarga. SDS &nbsp; PRODUCTO COMPATIBLE &nbsp; &nbsp;<\/p>\n","protected":false},"featured_media":2202,"comment_status":"closed","ping_status":"closed","template":"","meta":[],"product_cat":[85,18],"product_tag":[53,52,62,63,61,77],"class_list":{"0":"post-2200","1":"product","2":"type-product","3":"status-publish","4":"has-post-thumbnail","6":"product_cat-gojo","7":"product_cat-jabones","8":"product_tag-centros-de-eventos","9":"product_tag-educacion-2","10":"product_tag-hoteles","11":"product_tag-oficinas","12":"product_tag-restaurantes","13":"product_tag-spas","15":"first","16":"instock","17":"shipping-taxable","18":"purchasable","19":"product-type-simple"},"_links":{"self":[{"href":"https:\/\/solucionesefectivasgt.com\/index.php?rest_route=\/wp\/v2\/product\/2200","targetHints":{"allow":["GET"]}}],"collection":[{"href":"https:\/\/solucionesefectivasgt.com\/index.php?rest_route=\/wp\/v2\/product"}],"about":[{"href":"https:\/\/solucionesefectivasgt.com\/index.php?rest_route=\/wp\/v2\/types\/product"}],"replies":[{"embeddable":true,"href":"https:\/\/solucionesefectivasgt.com\/index.php?rest_route=%2Fwp%2Fv2%2Fcomments&post=2200"}],"wp:featuredmedia":[{"embeddable":true,"href":"https:\/\/solucionesefectivasgt.com\/index.php?rest_route=\/wp\/v2\/media\/2202"}],"wp:attachment":[{"href":"https:\/\/solucionesefectivasgt.com\/index.php?rest_route=%2Fwp%2Fv2%2Fmedia&parent=2200"}],"wp:term":[{"taxonomy":"product_cat","embeddable":true,"href":"https:\/\/solucionesefectivasgt.com\/index.php?rest_route=%2Fwp%2Fv2%2Fproduct_cat&post=2200"},{"taxonomy":"product_tag","embeddable":true,"href":"https:\/\/solucionesefectivasgt.com\/index.php?rest_route=%2Fwp%2Fv2%2Fproduct_tag&post=2200"}],"curies":[{"name":"wp","href":"https:\/\/api.w.org\/{rel}","templated":true}]}}