{"id":1800,"date":"2021-06-01T20:42:52","date_gmt":"2021-06-02T02:42:52","guid":{"rendered":"http:\/\/solucionesefectivasgt.com\/?post_type=product&#038;p=1800"},"modified":"2024-09-27T12:06:10","modified_gmt":"2024-09-27T18:06:10","slug":"tork-xpressnapcafe-servilletas-natural","status":"publish","type":"product","link":"https:\/\/solucionesefectivasgt.com\/?product=tork-xpressnapcafe-servilletas-natural","title":{"rendered":"Tork Xpressnap\u00ae cafe, servilletas color natural"},"content":{"rendered":"<p>La servilleta Tork Xpressnap\u00ae\u00a0 kraft presenta un sistema de dispensaci\u00f3n individual que ayuda a reducir el consumo y el desecho de servilletas en hasta un 25% en comparaci\u00f3n con los sistemas convencionales. Su tecnolog\u00eda permite tocar \u00fanicamente la servilleta que se va a usar, lo que ayuda a mantener una mejor higiene. Tiene el tama\u00f1o ideal para instalaciones con espacios reducidos.<\/p>\n<p>&nbsp;<\/p>\n<p>PRODUCTOS COMPATIBLES<\/p>\n<p><a href=\"https:\/\/solucionesefectivasgt.com\/?product=tork-xpressnap-cafe-dispensador-de-servilletas-2\"><img loading=\"lazy\" decoding=\"async\" class=\"\" src=\"https:\/\/solucionesefectivasgt.com\/wp-content\/uploads\/2021\/06\/0001-1761406626_20210523_115829_0000-1.png\" width=\"80\" height=\"60\" \/><\/a><a href=\"https:\/\/solucionesefectivasgt.com\/?product=tork-xpressnap-cafe-dispensador-de-servilletas\"><img loading=\"lazy\" decoding=\"async\" class=\"\" src=\"https:\/\/solucionesefectivasgt.com\/wp-content\/uploads\/2021\/03\/84F5BCEB-A4B8-45AF-97DB-F6634F3CDAB8-150x150.png\" width=\"75\" height=\"75\" \/><\/a><\/p>\n","protected":false},"excerpt":{"rendered":"<p>servilleta color natural<\/p>\n<p>12 x 500 = 6000 servilletas<\/p>\n","protected":false},"featured_media":1797,"comment_status":"closed","ping_status":"closed","template":"","meta":[],"product_cat":[83,34,41],"product_tag":[62,61],"class_list":{"0":"post-1800","1":"product","2":"type-product","3":"status-publish","4":"has-post-thumbnail","6":"product_cat-tork","7":"product_cat-servilletas","8":"product_cat-suministros-de-cocina","9":"product_tag-hoteles","10":"product_tag-restaurantes","12":"first","13":"instock","14":"shipping-taxable","15":"purchasable","16":"product-type-simple"},"_links":{"self":[{"href":"https:\/\/solucionesefectivasgt.com\/index.php?rest_route=\/wp\/v2\/product\/1800","targetHints":{"allow":["GET"]}}],"collection":[{"href":"https:\/\/solucionesefectivasgt.com\/index.php?rest_route=\/wp\/v2\/product"}],"about":[{"href":"https:\/\/solucionesefectivasgt.com\/index.php?rest_route=\/wp\/v2\/types\/product"}],"replies":[{"embeddable":true,"href":"https:\/\/solucionesefectivasgt.com\/index.php?rest_route=%2Fwp%2Fv2%2Fcomments&post=1800"}],"wp:featuredmedia":[{"embeddable":true,"href":"https:\/\/solucionesefectivasgt.com\/index.php?rest_route=\/wp\/v2\/media\/1797"}],"wp:attachment":[{"href":"https:\/\/solucionesefectivasgt.com\/index.php?rest_route=%2Fwp%2Fv2%2Fmedia&parent=1800"}],"wp:term":[{"taxonomy":"product_cat","embeddable":true,"href":"https:\/\/solucionesefectivasgt.com\/index.php?rest_route=%2Fwp%2Fv2%2Fproduct_cat&post=1800"},{"taxonomy":"product_tag","embeddable":true,"href":"https:\/\/solucionesefectivasgt.com\/index.php?rest_route=%2Fwp%2Fv2%2Fproduct_tag&post=1800"}],"curies":[{"name":"wp","href":"https:\/\/api.w.org\/{rel}","templated":true}]}}