{"id":1785,"date":"2021-05-22T22:49:05","date_gmt":"2021-05-23T04:49:05","guid":{"rendered":"http:\/\/solucionesefectivasgt.com\/?post_type=product&#038;p=1785"},"modified":"2025-01-28T14:37:12","modified_gmt":"2025-01-28T20:37:12","slug":"tork-dispensador-mini-para-toalla-interfoliada","status":"publish","type":"product","link":"https:\/\/solucionesefectivasgt.com\/?product=tork-dispensador-mini-para-toalla-interfoliada","title":{"rendered":"TORK, DISPENSADOR MINI PARA TOALLA INTERFOLIADA"},"content":{"rendered":"<p>El dispensador mini de toallas de mano interfoliadas Tork Xpress\u00ae de la l\u00ednea Elevation es adecuado para entornos que exigen comodidad e higiene. Este dispensador, de dise\u00f1o delgado y atractivo, encaja en aseos con tr\u00e1nsito escaso o moderado, donde hay poco espacio, y reduce el consumo gracias a la dispensaci\u00f3n individual. Los dispensadores de la l\u00ednea Tork Elevation tienen un dise\u00f1o moderno y funcional que causar\u00e1 buena impresi\u00f3n en sus clientes.<\/p>\n","protected":false},"excerpt":{"rendered":"<p>Dispensador para toalla interfoliada<\/p>\n<p><strong>Dimensiones en cms<\/strong><\/p>\n<p><strong>alto 29.2 x ancho 30.2 x profundidad 10.1<\/strong><\/p>\n","protected":false},"featured_media":1783,"comment_status":"closed","ping_status":"closed","template":"","meta":[],"product_cat":[83,32],"product_tag":[62,63,77],"class_list":{"0":"post-1785","1":"product","2":"type-product","3":"status-publish","4":"has-post-thumbnail","6":"product_cat-tork","7":"product_cat-dispensadores-de-toalla-interfoliada","8":"product_tag-hoteles","9":"product_tag-oficinas","10":"product_tag-spas","12":"first","13":"instock","14":"shipping-taxable","15":"purchasable","16":"product-type-simple"},"_links":{"self":[{"href":"https:\/\/solucionesefectivasgt.com\/index.php?rest_route=\/wp\/v2\/product\/1785","targetHints":{"allow":["GET"]}}],"collection":[{"href":"https:\/\/solucionesefectivasgt.com\/index.php?rest_route=\/wp\/v2\/product"}],"about":[{"href":"https:\/\/solucionesefectivasgt.com\/index.php?rest_route=\/wp\/v2\/types\/product"}],"replies":[{"embeddable":true,"href":"https:\/\/solucionesefectivasgt.com\/index.php?rest_route=%2Fwp%2Fv2%2Fcomments&post=1785"}],"wp:featuredmedia":[{"embeddable":true,"href":"https:\/\/solucionesefectivasgt.com\/index.php?rest_route=\/wp\/v2\/media\/1783"}],"wp:attachment":[{"href":"https:\/\/solucionesefectivasgt.com\/index.php?rest_route=%2Fwp%2Fv2%2Fmedia&parent=1785"}],"wp:term":[{"taxonomy":"product_cat","embeddable":true,"href":"https:\/\/solucionesefectivasgt.com\/index.php?rest_route=%2Fwp%2Fv2%2Fproduct_cat&post=1785"},{"taxonomy":"product_tag","embeddable":true,"href":"https:\/\/solucionesefectivasgt.com\/index.php?rest_route=%2Fwp%2Fv2%2Fproduct_tag&post=1785"}],"curies":[{"name":"wp","href":"https:\/\/api.w.org\/{rel}","templated":true}]}}