{"id":1744,"date":"2021-05-17T21:40:16","date_gmt":"2021-05-18T03:40:16","guid":{"rendered":"http:\/\/solucionesefectivasgt.com\/?post_type=product&#038;p=1744"},"modified":"2024-09-27T13:51:01","modified_gmt":"2024-09-27T19:51:01","slug":"oxivir-wipes","status":"publish","type":"product","link":"https:\/\/solucionesefectivasgt.com\/?product=oxivir-wipes","title":{"rendered":"OXIVIR WIPES"},"content":{"rendered":"<p>Oxivir Wipes es un limpiador desinfectante previamente humedecido, listo para usar, basado en la tecnolog\u00eda patentada AHP\u00ae para una limpieza r\u00e1pida y eficaz.<\/p>\n<p>Act\u00faa como virucida, bactericida, fungicida y tuberculocida en un solo paso. Cuando se emplea de acuerdo a las indicaciones, es efectivo contra microorganismos como:<\/p>\n<ul>\n<li>Pseudomonas aeruginosa<\/li>\n<li>Salmonella enterica<\/li>\n<li>Staphylococcus aureus<\/li>\n<li>Enterococcus faecium (resistente a la vancomicina)<\/li>\n<li>Norovirus<\/li>\n<li>VHB<\/li>\n<li>VHC<\/li>\n<li>VIH-1<\/li>\n<li>Influenza aviar<\/li>\n<li>Parvovirus canino<\/li>\n<\/ul>\n<p><strong>Caracter\u00edsticas:<\/strong><\/p>\n<ul>\n<li>Tecnolog\u00eda patentada que contiene surfactantes de alto desempe\u00f1o, permitiendo r\u00e1pidos y excelentes resultados.<\/li>\n<li>Libre de componentes vol\u00e1tiles org\u00e1nicos (VOC\u2019s), sin fragancia, y sin Nonil-Fenol-Etoxilados (NPE\u2019s).<\/li>\n<li>Es un producto ambientalmente responsable, ya que el ingrediente activo se descompone en agua y ox\u00edgeno.<\/li>\n<li>Puede utilizarse para limpiar superficies muy \u00e1speras no porosas con seguridad.<\/li>\n<li>No es agresivo con las manos y los ojos, adem\u00e1s de que contiene sustancias que, a la concentraci\u00f3n de esta formulaci\u00f3n, no son consideradas da\u00f1inas a la salud seg\u00fan los est\u00e1ndares OSHA.<\/li>\n<\/ul>\n","protected":false},"excerpt":{"rendered":"<p>Pa\u00c3\u00b1os humedos a base de peroxido de hydrogeno.<\/p>\n<p>&nbsp;<\/p>\n","protected":false},"featured_media":1737,"comment_status":"closed","ping_status":"closed","template":"","meta":[],"product_cat":[19,42],"product_tag":[55,64,63,61],"class_list":{"0":"post-1744","1":"product","2":"type-product","3":"status-publish","4":"has-post-thumbnail","6":"product_cat-sanitizantes","7":"product_cat-wipes","8":"product_tag-centros-de-salud-2","9":"product_tag-clinicas","10":"product_tag-oficinas","11":"product_tag-restaurantes","13":"first","14":"instock","15":"shipping-taxable","16":"purchasable","17":"product-type-simple"},"_links":{"self":[{"href":"https:\/\/solucionesefectivasgt.com\/index.php?rest_route=\/wp\/v2\/product\/1744","targetHints":{"allow":["GET"]}}],"collection":[{"href":"https:\/\/solucionesefectivasgt.com\/index.php?rest_route=\/wp\/v2\/product"}],"about":[{"href":"https:\/\/solucionesefectivasgt.com\/index.php?rest_route=\/wp\/v2\/types\/product"}],"replies":[{"embeddable":true,"href":"https:\/\/solucionesefectivasgt.com\/index.php?rest_route=%2Fwp%2Fv2%2Fcomments&post=1744"}],"wp:featuredmedia":[{"embeddable":true,"href":"https:\/\/solucionesefectivasgt.com\/index.php?rest_route=\/wp\/v2\/media\/1737"}],"wp:attachment":[{"href":"https:\/\/solucionesefectivasgt.com\/index.php?rest_route=%2Fwp%2Fv2%2Fmedia&parent=1744"}],"wp:term":[{"taxonomy":"product_cat","embeddable":true,"href":"https:\/\/solucionesefectivasgt.com\/index.php?rest_route=%2Fwp%2Fv2%2Fproduct_cat&post=1744"},{"taxonomy":"product_tag","embeddable":true,"href":"https:\/\/solucionesefectivasgt.com\/index.php?rest_route=%2Fwp%2Fv2%2Fproduct_tag&post=1744"}],"curies":[{"name":"wp","href":"https:\/\/api.w.org\/{rel}","templated":true}]}}