{"id":1705,"date":"2021-02-17T20:53:33","date_gmt":"2021-02-18T02:53:33","guid":{"rendered":"http:\/\/solucionesefectivasgt.com\/?post_type=product&#038;p=1705"},"modified":"2025-07-31T09:13:44","modified_gmt":"2025-07-31T15:13:44","slug":"tork-dispensador-para-jabon-en-gel","status":"publish","type":"product","link":"https:\/\/solucionesefectivasgt.com\/?product=tork-dispensador-para-jabon-en-gel","title":{"rendered":"Tork, Dispensador para jabon en gel"},"content":{"rendered":"<p>El dispensador de jab\u00f3n en gel Tork de la l\u00ednea Elevation es adecuado para ba\u00f1os con mucho tr\u00e1nsito. Se utiliza con envases preempacados. Los dispensadores de la l\u00ednea Elevation tienen un dise\u00f1o uniforme, moderno y funcional que causar\u00e1 una buena impresi\u00f3n a sus clientes.<\/p>\n<p>PRODCUTOS COMPATIBLES:<\/p>\n<p><a href=\"https:\/\/solucionesefectivasgt.com\/?product=tork-crema-de-ducha-para-cabello-y-cuerpo\"><img loading=\"lazy\" decoding=\"async\" class=\"\" src=\"https:\/\/solucionesefectivasgt.com\/wp-content\/uploads\/2021\/11\/jabon-para-cabello-y-cuerpo-150x150.png\" width=\"79\" height=\"79\" \/><\/a><a href=\"https:\/\/solucionesefectivasgt.com\/?product=tork-jabon-gel-1000-ml\"><img loading=\"lazy\" decoding=\"async\" class=\"\" src=\"https:\/\/solucionesefectivasgt.com\/wp-content\/uploads\/2021\/08\/Jabon-gel-tork-150x150.png\" width=\"79\" height=\"79\" \/><\/a><a href=\"https:\/\/solucionesefectivasgt.com\/?product=tork-jabon-en-gel-premium\"><img loading=\"lazy\" decoding=\"async\" class=\"\" src=\"https:\/\/solucionesefectivasgt.com\/wp-content\/uploads\/2021\/02\/JABON-PREMIUM-TORK-1000ML2-150x150.jpg\" width=\"79\" height=\"79\" \/><\/a><\/p>\n<p>&nbsp;<\/p>\n","protected":false},"excerpt":{"rendered":"<p>Dispensador para jabon en gel preempacado<\/p>\n","protected":false},"featured_media":2338,"comment_status":"closed","ping_status":"closed","template":"","meta":[],"product_cat":[83,22],"product_tag":[53,64,52,62,63,61,77],"class_list":{"0":"post-1705","1":"product","2":"type-product","3":"status-publish","4":"has-post-thumbnail","6":"product_cat-tork","7":"product_cat-dispensadores-de-jabon","8":"product_tag-centros-de-eventos","9":"product_tag-clinicas","10":"product_tag-educacion-2","11":"product_tag-hoteles","12":"product_tag-oficinas","13":"product_tag-restaurantes","14":"product_tag-spas","16":"first","17":"instock","18":"shipping-taxable","19":"purchasable","20":"product-type-simple"},"_links":{"self":[{"href":"https:\/\/solucionesefectivasgt.com\/index.php?rest_route=\/wp\/v2\/product\/1705","targetHints":{"allow":["GET"]}}],"collection":[{"href":"https:\/\/solucionesefectivasgt.com\/index.php?rest_route=\/wp\/v2\/product"}],"about":[{"href":"https:\/\/solucionesefectivasgt.com\/index.php?rest_route=\/wp\/v2\/types\/product"}],"replies":[{"embeddable":true,"href":"https:\/\/solucionesefectivasgt.com\/index.php?rest_route=%2Fwp%2Fv2%2Fcomments&post=1705"}],"wp:featuredmedia":[{"embeddable":true,"href":"https:\/\/solucionesefectivasgt.com\/index.php?rest_route=\/wp\/v2\/media\/2338"}],"wp:attachment":[{"href":"https:\/\/solucionesefectivasgt.com\/index.php?rest_route=%2Fwp%2Fv2%2Fmedia&parent=1705"}],"wp:term":[{"taxonomy":"product_cat","embeddable":true,"href":"https:\/\/solucionesefectivasgt.com\/index.php?rest_route=%2Fwp%2Fv2%2Fproduct_cat&post=1705"},{"taxonomy":"product_tag","embeddable":true,"href":"https:\/\/solucionesefectivasgt.com\/index.php?rest_route=%2Fwp%2Fv2%2Fproduct_tag&post=1705"}],"curies":[{"name":"wp","href":"https:\/\/api.w.org\/{rel}","templated":true}]}}