{"id":1656,"date":"2020-11-23T18:56:27","date_gmt":"2020-11-24T00:56:27","guid":{"rendered":"http:\/\/solucionesefectivasgt.com\/?post_type=product&#038;p=1656"},"modified":"2025-03-31T11:57:13","modified_gmt":"2025-03-31T17:57:13","slug":"tork-peakserve-toallas-de-mano-en-continuo","status":"publish","type":"product","link":"https:\/\/solucionesefectivasgt.com\/?product=tork-peakserve-toallas-de-mano-en-continuo","title":{"rendered":"Tork PeakServe\u00ae Toallas de Mano en Continuo"},"content":{"rendered":"<p>Tork PeakServe\u00ae: Es la \u00faltima innovaci\u00f3n dise\u00f1ada para aseos de mucho tr\u00e1nsito en los que el personal debe maximizar el tiempo de limpieza y mantener un buen flujo de personas. Este sistema, compatible con las toallas de mano en continuo Tork PeakServe\u00ae Continuous&#x2122;, tiene una capacidad muy alta con\u00a0 4920 toallas, que pueden dispensarse r\u00e1pidamente y sin interrupciones para mantener el flujo. Los recambios prensados se colocan r\u00e1pidamente, se pueden reponer en cualquier momento y son f\u00e1ciles de almacenar y transportar, para que el personal pueda centrarse en limpiar y no en reponer.<\/p>\n<p>&nbsp;<\/p>\n<ul>\n<li class=\"ng-star-inserted\">Toallas de mano prensadas para ofrecer m\u00e1s capacidad y reducir el tiempo de mantenimiento<\/li>\n<li class=\"ng-star-inserted\">Dispensaci\u00f3n de toallas de mano continua y fluida, incluso entre paquetes, para lograr un tr\u00e1nsito de visitantes sin interrupciones ni esperas en el aseo<\/li>\n<li class=\"ng-star-inserted\">Dispensaci\u00f3n individual que reduce el consumo y aumenta el nivel de higiene<\/li>\n<\/ul>\n<div class=\"col-10 offset-lg-3 offset-md-1 mx-auto mt-7 clearfix col-lg-8\">\n<div class=\"row\">\n<div class=\"col-12 col-md-6 ng-star-inserted\">\n<div class=\"ng-star-inserted\"><\/div>\n<\/div>\n<\/div>\n<\/div>\n","protected":false},"excerpt":{"rendered":"<p>Toalla de manos continua, alto trafico<\/p>\n<p>12 paquetes de 410 toallas por paquete = 4920 toallas (equivale a 5 rollos de papel de secado en rollo)<\/p>\n","protected":false},"featured_media":1657,"comment_status":"closed","ping_status":"closed","template":"","meta":[],"product_cat":[83,15],"product_tag":[53,55,52,62,61],"class_list":{"0":"post-1656","1":"product","2":"type-product","3":"status-publish","4":"has-post-thumbnail","6":"product_cat-tork","7":"product_cat-toallas","8":"product_tag-centros-de-eventos","9":"product_tag-centros-de-salud-2","10":"product_tag-educacion-2","11":"product_tag-hoteles","12":"product_tag-restaurantes","14":"first","15":"instock","16":"shipping-taxable","17":"purchasable","18":"product-type-simple"},"_links":{"self":[{"href":"https:\/\/solucionesefectivasgt.com\/index.php?rest_route=\/wp\/v2\/product\/1656","targetHints":{"allow":["GET"]}}],"collection":[{"href":"https:\/\/solucionesefectivasgt.com\/index.php?rest_route=\/wp\/v2\/product"}],"about":[{"href":"https:\/\/solucionesefectivasgt.com\/index.php?rest_route=\/wp\/v2\/types\/product"}],"replies":[{"embeddable":true,"href":"https:\/\/solucionesefectivasgt.com\/index.php?rest_route=%2Fwp%2Fv2%2Fcomments&post=1656"}],"wp:featuredmedia":[{"embeddable":true,"href":"https:\/\/solucionesefectivasgt.com\/index.php?rest_route=\/wp\/v2\/media\/1657"}],"wp:attachment":[{"href":"https:\/\/solucionesefectivasgt.com\/index.php?rest_route=%2Fwp%2Fv2%2Fmedia&parent=1656"}],"wp:term":[{"taxonomy":"product_cat","embeddable":true,"href":"https:\/\/solucionesefectivasgt.com\/index.php?rest_route=%2Fwp%2Fv2%2Fproduct_cat&post=1656"},{"taxonomy":"product_tag","embeddable":true,"href":"https:\/\/solucionesefectivasgt.com\/index.php?rest_route=%2Fwp%2Fv2%2Fproduct_tag&post=1656"}],"curies":[{"name":"wp","href":"https:\/\/api.w.org\/{rel}","templated":true}]}}