{"id":1654,"date":"2020-11-19T20:47:43","date_gmt":"2020-11-20T02:47:43","guid":{"rendered":"http:\/\/solucionesefectivasgt.com\/?post_type=product&#038;p=1654"},"modified":"2025-07-28T08:40:22","modified_gmt":"2025-07-28T14:40:22","slug":"tork-smartone-mini-twin-dispensador-de-papel-higienico-doble-rollo","status":"publish","type":"product","link":"https:\/\/solucionesefectivasgt.com\/?product=tork-smartone-mini-twin-dispensador-de-papel-higienico-doble-rollo","title":{"rendered":"Tork SmartOne\u00ae Mini Twin Dispensador de Papel Higi\u00e9nico DOBLE ROLLO"},"content":{"rendered":"<ul>\n<li class=\"ng-star-inserted\">El dispensador mini de doble rollo de papel higi\u00e9nico Tork SmartOne\u00ae de la l\u00ednea Elevation es un sistema de dispensaci\u00f3n moderno y eficaz, adecuado para aseos exigentes con mucho tr\u00e1nsito. La dispensaci\u00f3n hoja a hoja y el hecho de contener dos rollos ayudan a reducir el consumo hasta en un 40 % en comparaci\u00f3n con dispensadores tradicionales de rollos jumbo, aumentando as\u00ed el n\u00famero de usos por rollo. Los dispensadores de la l\u00ednea Tork Elevation tienen un dise\u00f1o moderno y funcional que causar\u00e1 buena impresi\u00f3n a tus clientes.\n<ul>\n<li>Dise\u00f1o resistente con cierre para proteger el rollo e impedir los robos en entornos exigentes.<\/li>\n<li>Ambos rollos pueden utilizarse hasta el final para minimizar los residuos.<\/li>\n<li>La dispensaci\u00f3n individual reduce el consumo hasta en un 40 %.<\/li>\n<li>Gran capacidad: menos mantenimiento y reducci\u00f3n del riesgo de quedarse sin papel.<\/li>\n<li>Higi\u00e9nico: solo se toca la hoja que se utiliza.<\/li>\n<\/ul>\n<\/li>\n<\/ul>\n<div class=\"col-10 offset-lg-3 offset-md-1 mx-auto mt-7 clearfix col-lg-8\">\n<div class=\"row\">\n<div class=\"col-12 col-md-6 ng-star-inserted\">\n<div class=\"ng-star-inserted\"><\/div>\n<\/div>\n<\/div>\n<\/div>\n","protected":false},"excerpt":{"rendered":"<p>Dispensador de papel higienico de fluido centrico de doble rollo.<\/p>\n<p>&nbsp;<\/p>\n","protected":false},"featured_media":1649,"comment_status":"closed","ping_status":"closed","template":"","meta":[],"product_cat":[83,21],"product_tag":[53,55,64,62,63,61,77],"class_list":{"0":"post-1654","1":"product","2":"type-product","3":"status-publish","4":"has-post-thumbnail","6":"product_cat-tork","7":"product_cat-dispensadores-de-papel-higienico","8":"product_tag-centros-de-eventos","9":"product_tag-centros-de-salud-2","10":"product_tag-clinicas","11":"product_tag-hoteles","12":"product_tag-oficinas","13":"product_tag-restaurantes","14":"product_tag-spas","16":"first","17":"instock","18":"shipping-taxable","19":"purchasable","20":"product-type-simple"},"_links":{"self":[{"href":"https:\/\/solucionesefectivasgt.com\/index.php?rest_route=\/wp\/v2\/product\/1654","targetHints":{"allow":["GET"]}}],"collection":[{"href":"https:\/\/solucionesefectivasgt.com\/index.php?rest_route=\/wp\/v2\/product"}],"about":[{"href":"https:\/\/solucionesefectivasgt.com\/index.php?rest_route=\/wp\/v2\/types\/product"}],"replies":[{"embeddable":true,"href":"https:\/\/solucionesefectivasgt.com\/index.php?rest_route=%2Fwp%2Fv2%2Fcomments&post=1654"}],"wp:featuredmedia":[{"embeddable":true,"href":"https:\/\/solucionesefectivasgt.com\/index.php?rest_route=\/wp\/v2\/media\/1649"}],"wp:attachment":[{"href":"https:\/\/solucionesefectivasgt.com\/index.php?rest_route=%2Fwp%2Fv2%2Fmedia&parent=1654"}],"wp:term":[{"taxonomy":"product_cat","embeddable":true,"href":"https:\/\/solucionesefectivasgt.com\/index.php?rest_route=%2Fwp%2Fv2%2Fproduct_cat&post=1654"},{"taxonomy":"product_tag","embeddable":true,"href":"https:\/\/solucionesefectivasgt.com\/index.php?rest_route=%2Fwp%2Fv2%2Fproduct_tag&post=1654"}],"curies":[{"name":"wp","href":"https:\/\/api.w.org\/{rel}","templated":true}]}}