{"id":1631,"date":"2020-10-07T22:05:11","date_gmt":"2020-10-08T04:05:11","guid":{"rendered":"http:\/\/solucionesefectivasgt.com\/?post_type=product&#038;p=1631"},"modified":"2024-09-27T10:51:08","modified_gmt":"2024-09-27T16:51:08","slug":"tork-dispensador-de-acero-inoxidable-countertop-para-toalla-interfoliada","status":"publish","type":"product","link":"https:\/\/solucionesefectivasgt.com\/?product=tork-dispensador-de-acero-inoxidable-countertop-para-toalla-interfoliada","title":{"rendered":"Tork Dispensador de Acero Inoxidable Countertop para toalla interfoliada"},"content":{"rendered":"<p>Dise\u00f1o moderno con superficies lisas y l\u00edneas n\u00edtidas que encaja a la perfecci\u00f3n con su aseo. Causa una buena impresi\u00f3n que resalta la imagen de alta calidad de sus instalaciones. Su dise\u00f1o en acero inoxidable con recubrimiento antihuellas da un aspecto elegante y siempre limpio.<\/p>\n<p>Altura: 21.8 cm<br \/>\nAncho: 32.3 cm<br \/>\nLongitud: 11.6 cm<\/p>\n","protected":false},"excerpt":{"rendered":"<p>Dispensador de acero inoxidable para toalla interfoliada<\/p>\n","protected":false},"featured_media":1630,"comment_status":"closed","ping_status":"closed","template":"","meta":[],"product_cat":[83,32],"product_tag":[62,63,77],"class_list":{"0":"post-1631","1":"product","2":"type-product","3":"status-publish","4":"has-post-thumbnail","6":"product_cat-tork","7":"product_cat-dispensadores-de-toalla-interfoliada","8":"product_tag-hoteles","9":"product_tag-oficinas","10":"product_tag-spas","12":"first","13":"outofstock","14":"shipping-taxable","15":"purchasable","16":"product-type-simple"},"_links":{"self":[{"href":"https:\/\/solucionesefectivasgt.com\/index.php?rest_route=\/wp\/v2\/product\/1631","targetHints":{"allow":["GET"]}}],"collection":[{"href":"https:\/\/solucionesefectivasgt.com\/index.php?rest_route=\/wp\/v2\/product"}],"about":[{"href":"https:\/\/solucionesefectivasgt.com\/index.php?rest_route=\/wp\/v2\/types\/product"}],"replies":[{"embeddable":true,"href":"https:\/\/solucionesefectivasgt.com\/index.php?rest_route=%2Fwp%2Fv2%2Fcomments&post=1631"}],"wp:featuredmedia":[{"embeddable":true,"href":"https:\/\/solucionesefectivasgt.com\/index.php?rest_route=\/wp\/v2\/media\/1630"}],"wp:attachment":[{"href":"https:\/\/solucionesefectivasgt.com\/index.php?rest_route=%2Fwp%2Fv2%2Fmedia&parent=1631"}],"wp:term":[{"taxonomy":"product_cat","embeddable":true,"href":"https:\/\/solucionesefectivasgt.com\/index.php?rest_route=%2Fwp%2Fv2%2Fproduct_cat&post=1631"},{"taxonomy":"product_tag","embeddable":true,"href":"https:\/\/solucionesefectivasgt.com\/index.php?rest_route=%2Fwp%2Fv2%2Fproduct_tag&post=1631"}],"curies":[{"name":"wp","href":"https:\/\/api.w.org\/{rel}","templated":true}]}}