{"id":1624,"date":"2020-10-07T22:11:17","date_gmt":"2020-10-08T04:11:17","guid":{"rendered":"http:\/\/solucionesefectivasgt.com\/?post_type=product&#038;p=1624"},"modified":"2024-09-27T11:28:10","modified_gmt":"2024-09-27T17:28:10","slug":"tork-reflex-toalla-fluido-centrico-maxi","status":"publish","type":"product","link":"https:\/\/solucionesefectivasgt.com\/?product=tork-reflex-toalla-fluido-centrico-maxi","title":{"rendered":"Tork, Toalla de manos de Fluido Centrico Maxi"},"content":{"rendered":"<p>El papel de secado multiuso Tork Reflex de 1 hoja es ideal para tareas de secado y secado de manos, gracias a su resistencia y gran capacidad de absorci\u00f3n. Este papel puede utilizarse con el dispensador de alimentaci\u00f3n central de pared y con el dispensador individual Tork Reflex cubeta port\u00e1til, que se adapta al flujo de trabajo de su equipo, reduce el consumo y minimiza el riesgo de contaminaci\u00f3n cruzada.<\/p>\n<p><strong>Longitud del rollo:<\/strong> 300 m<br \/>\n<strong>Ancho del rollo:<\/strong> 19.8 cm<br \/>\n<strong>Di\u00e1metro del rollo:<\/strong> 19.5 cm<br \/>\n<strong>N\u00famero de servicios:<\/strong> 857<br \/>\n<strong>Longitud de la hoja:<\/strong> 35 cm<br \/>\n<strong>Di\u00e1metro interior del mandril:<\/strong> 5.9 cm<br \/>\n<strong>Hojas:<\/strong> 1<\/p>\n","protected":false},"excerpt":{"rendered":"<p>Toalla de manos de fluido centrico<\/p>\n<p>6 x 300 mts<\/p>\n","protected":false},"featured_media":1611,"comment_status":"closed","ping_status":"closed","template":"","meta":[],"product_cat":[83,15],"product_tag":[53,62,61],"class_list":{"0":"post-1624","1":"product","2":"type-product","3":"status-publish","4":"has-post-thumbnail","6":"product_cat-tork","7":"product_cat-toallas","8":"product_tag-centros-de-eventos","9":"product_tag-hoteles","10":"product_tag-restaurantes","12":"first","13":"instock","14":"shipping-taxable","15":"purchasable","16":"product-type-simple"},"_links":{"self":[{"href":"https:\/\/solucionesefectivasgt.com\/index.php?rest_route=\/wp\/v2\/product\/1624","targetHints":{"allow":["GET"]}}],"collection":[{"href":"https:\/\/solucionesefectivasgt.com\/index.php?rest_route=\/wp\/v2\/product"}],"about":[{"href":"https:\/\/solucionesefectivasgt.com\/index.php?rest_route=\/wp\/v2\/types\/product"}],"replies":[{"embeddable":true,"href":"https:\/\/solucionesefectivasgt.com\/index.php?rest_route=%2Fwp%2Fv2%2Fcomments&post=1624"}],"wp:featuredmedia":[{"embeddable":true,"href":"https:\/\/solucionesefectivasgt.com\/index.php?rest_route=\/wp\/v2\/media\/1611"}],"wp:attachment":[{"href":"https:\/\/solucionesefectivasgt.com\/index.php?rest_route=%2Fwp%2Fv2%2Fmedia&parent=1624"}],"wp:term":[{"taxonomy":"product_cat","embeddable":true,"href":"https:\/\/solucionesefectivasgt.com\/index.php?rest_route=%2Fwp%2Fv2%2Fproduct_cat&post=1624"},{"taxonomy":"product_tag","embeddable":true,"href":"https:\/\/solucionesefectivasgt.com\/index.php?rest_route=%2Fwp%2Fv2%2Fproduct_tag&post=1624"}],"curies":[{"name":"wp","href":"https:\/\/api.w.org\/{rel}","templated":true}]}}