{"id":1595,"date":"2020-09-24T22:01:24","date_gmt":"2020-09-25T04:01:24","guid":{"rendered":"http:\/\/solucionesefectivasgt.com\/?post_type=product&#038;p=1595"},"modified":"2024-09-27T12:10:48","modified_gmt":"2024-09-27T18:10:48","slug":"rollo-de-panos-multiusos-tork","status":"publish","type":"product","link":"https:\/\/solucionesefectivasgt.com\/?product=rollo-de-panos-multiusos-tork","title":{"rendered":"Tork,  pa\u00f1os multiusos sin pelusa"},"content":{"rendered":"<p>Fuertes y flexibles. Los pa\u00f1os vienen en un rollo de recambio para usar en una cubeta que les permite crear sus propios pa\u00f1os h\u00famedos usando los qu\u00ed\u00admicos que necesite, mientras que el sistema de dispensaci\u00f3n individual y la tapa con cierre f\u00e1cil evita que los pa\u00f1os se sequen.<\/p>\n<div class=\"col-6 col-md-3 border-top py-3 py-md-0 p-md-2 ng-star-inserted\"><strong>Ancho del rollo<\/strong><\/div>\n<div class=\"col-6 col-md-3 border-top py-3 py-md-0 p-md-2 ng-star-inserted\">16.5 cm<\/div>\n<div class=\"col-6 col-md-3 border-top py-3 py-md-0 p-md-2 ng-star-inserted\"><strong>Di\u00e1metro del rollo<\/strong><\/div>\n<div class=\"col-6 col-md-3 border-top py-3 py-md-0 p-md-2 ng-star-inserted\">16 cm<\/div>\n<div class=\"col-6 col-md-3 border-top py-3 py-md-0 p-md-2 ng-star-inserted\"><strong>N\u00famero de servicios<\/strong><\/div>\n<div class=\"col-6 col-md-3 border-top py-3 py-md-0 p-md-2 ng-star-inserted\">200<\/div>\n<div class=\"col-6 col-md-3 border-top py-3 py-md-0 p-md-2 ng-star-inserted\"><strong>Longitud de la hoja<\/strong><\/div>\n<div class=\"col-6 col-md-3 border-top py-3 py-md-0 p-md-2 ng-star-inserted\">30 cm<\/div>\n<div class=\"col-6 col-md-3 border-top py-3 py-md-0 p-md-2 ng-star-inserted\"><\/div>\n<p>&nbsp;<\/p>\n<p>Rollo de pa\u00f1os multiusos para cubeta de limpieza Tork. LOW LINT<\/p>\n","protected":false},"excerpt":{"rendered":"<p>60 mts = 200 pa\u00f1os listos para utilizar<\/p>\n<p><strong>caja de 4 rollos<\/strong><\/p>\n","protected":false},"featured_media":1586,"comment_status":"closed","ping_status":"closed","template":"","meta":[],"product_cat":[83,31,19],"product_tag":[55,64,62,61,77],"class_list":{"0":"post-1595","1":"product","2":"type-product","3":"status-publish","4":"has-post-thumbnail","6":"product_cat-tork","7":"product_cat-multipropositos","8":"product_cat-sanitizantes","9":"product_tag-centros-de-salud-2","10":"product_tag-clinicas","11":"product_tag-hoteles","12":"product_tag-restaurantes","13":"product_tag-spas","15":"first","16":"instock","17":"shipping-taxable","18":"purchasable","19":"product-type-simple"},"_links":{"self":[{"href":"https:\/\/solucionesefectivasgt.com\/index.php?rest_route=\/wp\/v2\/product\/1595","targetHints":{"allow":["GET"]}}],"collection":[{"href":"https:\/\/solucionesefectivasgt.com\/index.php?rest_route=\/wp\/v2\/product"}],"about":[{"href":"https:\/\/solucionesefectivasgt.com\/index.php?rest_route=\/wp\/v2\/types\/product"}],"replies":[{"embeddable":true,"href":"https:\/\/solucionesefectivasgt.com\/index.php?rest_route=%2Fwp%2Fv2%2Fcomments&post=1595"}],"wp:featuredmedia":[{"embeddable":true,"href":"https:\/\/solucionesefectivasgt.com\/index.php?rest_route=\/wp\/v2\/media\/1586"}],"wp:attachment":[{"href":"https:\/\/solucionesefectivasgt.com\/index.php?rest_route=%2Fwp%2Fv2%2Fmedia&parent=1595"}],"wp:term":[{"taxonomy":"product_cat","embeddable":true,"href":"https:\/\/solucionesefectivasgt.com\/index.php?rest_route=%2Fwp%2Fv2%2Fproduct_cat&post=1595"},{"taxonomy":"product_tag","embeddable":true,"href":"https:\/\/solucionesefectivasgt.com\/index.php?rest_route=%2Fwp%2Fv2%2Fproduct_tag&post=1595"}],"curies":[{"name":"wp","href":"https:\/\/api.w.org\/{rel}","templated":true}]}}