{"id":1556,"date":"2020-07-02T18:08:06","date_gmt":"2020-07-03T00:08:06","guid":{"rendered":"http:\/\/solucionesefectivasgt.com\/?post_type=product&#038;p=1556"},"modified":"2024-09-27T11:26:11","modified_gmt":"2024-09-27T17:26:11","slug":"tork-reflex-dispensador-portatil","status":"publish","type":"product","link":"https:\/\/solucionesefectivasgt.com\/?product=tork-reflex-dispensador-portatil","title":{"rendered":"Tork Reflex, Dispensador portatil"},"content":{"rendered":"<p>El sistema port\u00e1til de alimentaci\u00f3n central de hoja \u00fanica Tork\u00ae Reflexa, es la soluci\u00f3n ideal para la limpieza de superficies e higiene de manos para entornos profesionales que necesitan movilidad.<\/p>\n<p>Sistema\u00a0 higi\u00e9nico, f\u00e1cil de usar y duradero. Es ideal para usarlo en el sector de la hosteler\u00eda, empresas de servicios de limpieza y otros entornos m\u00f3viles. Cuenta con un mango resistente que facilita su transporte o que permite colocarlo en el carrito de la limpieza, para que haya papel siempre disponible. Incluye un rollo Reflex de 2 hojas de alimentaci\u00f3n central blanco.<\/p>\n<p>&nbsp;<\/p>\n<p><a href=\"https:\/\/solucionesefectivasgt.com\/wp-content\/uploads\/2020\/07\/video-Tork-Reflex.mp4\"><em><strong>VIDEO<\/strong><\/em><\/a><\/p>\n","protected":false},"excerpt":{"rendered":"<p>Dispensador portatil de fluido centrico<\/p>\n<p>(Incluye 1 rollo reflex de 2 hojas)<\/p>\n","protected":false},"featured_media":1553,"comment_status":"closed","ping_status":"closed","template":"","meta":[],"product_cat":[83,20,33,31,15],"product_tag":[62,63,61,77],"class_list":{"0":"post-1556","1":"product","2":"type-product","3":"status-publish","4":"has-post-thumbnail","6":"product_cat-tork","7":"product_cat-dispensadores-de-manos","8":"product_cat-hotel-amenities","9":"product_cat-multipropositos","10":"product_cat-toallas","11":"product_tag-hoteles","12":"product_tag-oficinas","13":"product_tag-restaurantes","14":"product_tag-spas","16":"first","17":"instock","18":"shipping-taxable","19":"purchasable","20":"product-type-simple"},"_links":{"self":[{"href":"https:\/\/solucionesefectivasgt.com\/index.php?rest_route=\/wp\/v2\/product\/1556","targetHints":{"allow":["GET"]}}],"collection":[{"href":"https:\/\/solucionesefectivasgt.com\/index.php?rest_route=\/wp\/v2\/product"}],"about":[{"href":"https:\/\/solucionesefectivasgt.com\/index.php?rest_route=\/wp\/v2\/types\/product"}],"replies":[{"embeddable":true,"href":"https:\/\/solucionesefectivasgt.com\/index.php?rest_route=%2Fwp%2Fv2%2Fcomments&post=1556"}],"wp:featuredmedia":[{"embeddable":true,"href":"https:\/\/solucionesefectivasgt.com\/index.php?rest_route=\/wp\/v2\/media\/1553"}],"wp:attachment":[{"href":"https:\/\/solucionesefectivasgt.com\/index.php?rest_route=%2Fwp%2Fv2%2Fmedia&parent=1556"}],"wp:term":[{"taxonomy":"product_cat","embeddable":true,"href":"https:\/\/solucionesefectivasgt.com\/index.php?rest_route=%2Fwp%2Fv2%2Fproduct_cat&post=1556"},{"taxonomy":"product_tag","embeddable":true,"href":"https:\/\/solucionesefectivasgt.com\/index.php?rest_route=%2Fwp%2Fv2%2Fproduct_tag&post=1556"}],"curies":[{"name":"wp","href":"https:\/\/api.w.org\/{rel}","templated":true}]}}