{"id":1512,"date":"2020-05-13T08:54:45","date_gmt":"2020-05-13T14:54:45","guid":{"rendered":"http:\/\/solucionesefectivasgt.com\/?post_type=product&#038;p=1512"},"modified":"2025-07-22T16:20:50","modified_gmt":"2025-07-22T22:20:50","slug":"tork-smartone-mini-dispensador-de-papel-higienico-2","status":"publish","type":"product","link":"https:\/\/solucionesefectivasgt.com\/?product=tork-smartone-mini-dispensador-de-papel-higienico-2","title":{"rendered":"Tork SmartOne\u00ae Mini Dispensador de Papel Higi\u00e9nico"},"content":{"rendered":"<p>Dispensador de papel higi\u00e9nico de fluido c\u00e9ntrico, Tork SmartOne Mini, sistema de dispensado hoja por hoja, es el sistema patentado mas eficiente para baratos de mediano trafico. Compatible con rollos SmartOne Mini (capacidad 620 hojas)<\/p>\n","protected":false},"excerpt":{"rendered":"<p>Dispensador de papel higi\u00c3\u00a9nico de fluido c\u00c3\u00a9ntrico<\/p>\n","protected":false},"featured_media":1509,"comment_status":"closed","ping_status":"closed","template":"","meta":[],"product_cat":[83,21,16],"product_tag":[53,64,62,63,61,77],"class_list":{"0":"post-1512","1":"product","2":"type-product","3":"status-publish","4":"has-post-thumbnail","6":"product_cat-tork","7":"product_cat-dispensadores-de-papel-higienico","8":"product_cat-papel-higienico","9":"product_tag-centros-de-eventos","10":"product_tag-clinicas","11":"product_tag-hoteles","12":"product_tag-oficinas","13":"product_tag-restaurantes","14":"product_tag-spas","16":"first","17":"instock","18":"shipping-taxable","19":"purchasable","20":"product-type-simple"},"_links":{"self":[{"href":"https:\/\/solucionesefectivasgt.com\/index.php?rest_route=\/wp\/v2\/product\/1512","targetHints":{"allow":["GET"]}}],"collection":[{"href":"https:\/\/solucionesefectivasgt.com\/index.php?rest_route=\/wp\/v2\/product"}],"about":[{"href":"https:\/\/solucionesefectivasgt.com\/index.php?rest_route=\/wp\/v2\/types\/product"}],"replies":[{"embeddable":true,"href":"https:\/\/solucionesefectivasgt.com\/index.php?rest_route=%2Fwp%2Fv2%2Fcomments&post=1512"}],"wp:featuredmedia":[{"embeddable":true,"href":"https:\/\/solucionesefectivasgt.com\/index.php?rest_route=\/wp\/v2\/media\/1509"}],"wp:attachment":[{"href":"https:\/\/solucionesefectivasgt.com\/index.php?rest_route=%2Fwp%2Fv2%2Fmedia&parent=1512"}],"wp:term":[{"taxonomy":"product_cat","embeddable":true,"href":"https:\/\/solucionesefectivasgt.com\/index.php?rest_route=%2Fwp%2Fv2%2Fproduct_cat&post=1512"},{"taxonomy":"product_tag","embeddable":true,"href":"https:\/\/solucionesefectivasgt.com\/index.php?rest_route=%2Fwp%2Fv2%2Fproduct_tag&post=1512"}],"curies":[{"name":"wp","href":"https:\/\/api.w.org\/{rel}","templated":true}]}}