{"id":102,"date":"2013-05-19T16:46:15","date_gmt":"2013-05-19T16:46:15","guid":{"rendered":"http:\/\/69.194.234.3\/~sfect\/?post_type=product&#038;p=102"},"modified":"2024-09-30T09:09:38","modified_gmt":"2024-09-30T15:09:38","slug":"chkmate","status":"publish","type":"product","link":"https:\/\/solucionesefectivasgt.com\/?product=chkmate","title":{"rendered":"Chkmate"},"content":{"rendered":"<p>Limpiador y desengrasante multiprop\u00f3sito para superficies como vidrio, madera, pl\u00e1stico y acero inoxidable. Elimina grasas vegetales y minerales, polvo y manchas org\u00e1nicas.<\/p>\n","protected":false},"excerpt":{"rendered":"<p>Limpiador y desengrasante multipropositos para superficies como vidrio, madera, pl\u00c3\u00a1stico, acero inoxidable, eliminador de grasas vegetales y minerales, polvo, manchas org\u00c3\u00a1nicas.<\/p>\n","protected":false},"featured_media":962,"comment_status":"closed","ping_status":"closed","template":"","meta":[],"product_cat":[27],"product_tag":[],"class_list":{"0":"post-102","1":"product","2":"type-product","3":"status-publish","4":"has-post-thumbnail","6":"product_cat-desengrasantes","8":"first","9":"instock","10":"shipping-taxable","11":"purchasable","12":"product-type-simple"},"_links":{"self":[{"href":"https:\/\/solucionesefectivasgt.com\/index.php?rest_route=\/wp\/v2\/product\/102","targetHints":{"allow":["GET"]}}],"collection":[{"href":"https:\/\/solucionesefectivasgt.com\/index.php?rest_route=\/wp\/v2\/product"}],"about":[{"href":"https:\/\/solucionesefectivasgt.com\/index.php?rest_route=\/wp\/v2\/types\/product"}],"replies":[{"embeddable":true,"href":"https:\/\/solucionesefectivasgt.com\/index.php?rest_route=%2Fwp%2Fv2%2Fcomments&post=102"}],"wp:featuredmedia":[{"embeddable":true,"href":"https:\/\/solucionesefectivasgt.com\/index.php?rest_route=\/wp\/v2\/media\/962"}],"wp:attachment":[{"href":"https:\/\/solucionesefectivasgt.com\/index.php?rest_route=%2Fwp%2Fv2%2Fmedia&parent=102"}],"wp:term":[{"taxonomy":"product_cat","embeddable":true,"href":"https:\/\/solucionesefectivasgt.com\/index.php?rest_route=%2Fwp%2Fv2%2Fproduct_cat&post=102"},{"taxonomy":"product_tag","embeddable":true,"href":"https:\/\/solucionesefectivasgt.com\/index.php?rest_route=%2Fwp%2Fv2%2Fproduct_tag&post=102"}],"curies":[{"name":"wp","href":"https:\/\/api.w.org\/{rel}","templated":true}]}}